{"id":1856,"date":"2022-06-19T15:03:28","date_gmt":"2022-06-19T15:03:28","guid":{"rendered":"https:\/\/foxiz.themeruby.com\/news\/?page_id=1856"},"modified":"2025-11-21T13:05:55","modified_gmt":"2025-11-21T13:05:55","slug":"contacto","status":"publish","type":"page","link":"https:\/\/darknoisemagazine.cl\/index.php\/contacto\/","title":{"rendered":"Contacto"},"content":{"rendered":"\t\t<div data-elementor-type=\"wp-page\" data-elementor-id=\"1856\" class=\"elementor elementor-1856\">\n\t\t\t\t\t\t<section class=\"elementor-section elementor-top-section elementor-element elementor-element-caffc90 elementor-section-boxed elementor-section-height-default elementor-section-height-default\" data-id=\"caffc90\" data-element_type=\"section\">\n\t\t\t\t\t\t<div class=\"elementor-container elementor-column-gap-custom\">\n\t\t\t\t\t<div class=\"elementor-column elementor-col-100 elementor-top-column elementor-element elementor-element-93fc17a\" data-id=\"93fc17a\" data-element_type=\"column\">\n\t\t\t<div class=\"elementor-widget-wrap elementor-element-populated\">\n\t\t\t\t\t\t<div class=\"elementor-element elementor-element-c186811 elementor-widget elementor-widget-foxiz-heading\" data-id=\"c186811\" data-element_type=\"widget\" data-widget_type=\"foxiz-heading.default\">\n\t\t\t\t<div class=\"elementor-widget-container\">\n\t\t\t\t\t<div id=\"uid_c186811\" class=\"block-h heading-layout-c10\"><div class=\"heading-inner\"><h3 class=\"heading-title\"><span>Hablemos<\/span><\/h3><\/div><\/div>\t\t\t\t<\/div>\n\t\t\t\t<\/div>\n\t\t\t\t<div class=\"elementor-element elementor-element-25c3c22 elementor-widget elementor-widget-foxiz-heading\" data-id=\"25c3c22\" data-element_type=\"widget\" data-widget_type=\"foxiz-heading.default\">\n\t\t\t\t<div class=\"elementor-widget-container\">\n\t\t\t\t\t<div id=\"uid_25c3c22\" class=\"block-h heading-layout-c10\"><div class=\"heading-inner\"><h1 class=\"heading-title\"><span>Cont\u00e1ctanos<\/span><\/h1><\/div><\/div>\t\t\t\t<\/div>\n\t\t\t\t<\/div>\n\t\t\t\t\t<\/div>\n\t\t<\/div>\n\t\t\t\t\t<\/div>\n\t\t<\/section>\n\t\t\t\t<section class=\"elementor-section elementor-top-section elementor-element elementor-element-6ba5260 elementor-section-boxed elementor-section-height-default elementor-section-height-default\" data-id=\"6ba5260\" data-element_type=\"section\">\n\t\t\t\t\t\t<div class=\"elementor-container elementor-column-gap-custom\">\n\t\t\t\t\t<div class=\"elementor-column elementor-col-66 elementor-top-column elementor-element elementor-element-ffe814a\" data-id=\"ffe814a\" data-element_type=\"column\">\n\t\t\t<div class=\"elementor-widget-wrap elementor-element-populated\">\n\t\t\t\t\t\t<div class=\"elementor-element elementor-element-5399611 elementor-widget elementor-widget-html\" data-id=\"5399611\" data-element_type=\"widget\" data-widget_type=\"html.default\">\n\t\t\t\t<div class=\"elementor-widget-container\">\n\t\t\t\t\t<h3>Darknoize Magazine<\/h3>\n\n\t\t\t\t<\/div>\n\t\t\t\t<\/div>\n\t\t\t\t<div class=\"elementor-element elementor-element-50f8671 elementor-widget elementor-widget-text-editor\" data-id=\"50f8671\" data-element_type=\"widget\" data-widget_type=\"text-editor.default\">\n\t\t\t\t<div class=\"elementor-widget-container\">\n\t\t\t\t\t\t\t\t\t<p>DARKNOISE magazine nace el a\u00f1o 2004 como primer y unico medio escrito en papel couche dedicados en principio a cubrir la escena musical Dark Gotica de ese momento, luego evolucionamos y mezclamos todos los genero thrash &#8211; metal &#8211; Gothic &#8211; Doom-Hardcore la idea era cubrir y apoyar a bandas zines etc para informar a la gente y su cultura.<\/p>\t\t\t\t\t\t\t\t<\/div>\n\t\t\t\t<\/div>\n\t\t\t\t<div class=\"elementor-element elementor-element-072e78f elementor-widget elementor-widget-text-editor\" data-id=\"072e78f\" data-element_type=\"widget\" data-widget_type=\"text-editor.default\">\n\t\t\t\t<div class=\"elementor-widget-container\">\n\t\t\t\t\t\t\t\t\t<p>Con mucha paciencia y perseverancia nos ganamos un lugar en la escena nacional como internacional, as\u00ed apoyando bandas locales y de afuera,sellos, bandas, productoras, tiendas y m\u00e1s productos han sido fundamental para estar en donde estamos y seguir creciendo d\u00eda a d\u00eda.<\/p>\t\t\t\t\t\t\t\t<\/div>\n\t\t\t\t<\/div>\n\t\t\t\t<div class=\"elementor-element elementor-element-42a03e0 elementor-widget elementor-widget-text-editor\" data-id=\"42a03e0\" data-element_type=\"widget\" data-widget_type=\"text-editor.default\">\n\t\t\t\t<div class=\"elementor-widget-container\">\n\t\t\t\t\t\t\t\t\t<p>La revista (impresa) sac\u00f3, como uds saben, 12 n\u00fameros llegando al a\u00f1o 2010 en donde bajamos la cortina.<\/p>\t\t\t\t\t\t\t\t<\/div>\n\t\t\t\t<\/div>\n\t\t\t\t<div class=\"elementor-element elementor-element-7ac22e2 elementor-widget elementor-widget-text-editor\" data-id=\"7ac22e2\" data-element_type=\"widget\" data-widget_type=\"text-editor.default\">\n\t\t\t\t<div class=\"elementor-widget-container\">\n\t\t\t\t\t\t\t\t\t<p>Hoy regresamos en formato online con nuevos aires para mantenerte informado y apoyar los generos musicales ya mencionados y en especial a las productoras de eventos ya que estubimos mucho tiempo inactivos y sin recitales de m\u00fasica que nos apasiona.<\/p>\t\t\t\t\t\t\t\t<\/div>\n\t\t\t\t<\/div>\n\t\t\t\t<div class=\"elementor-element elementor-element-6390bfb elementor-widget elementor-widget-text-editor\" data-id=\"6390bfb\" data-element_type=\"widget\" data-widget_type=\"text-editor.default\">\n\t\t\t\t<div class=\"elementor-widget-container\">\n\t\t\t\t\t\t\t\t\t<p>Y recuerden que Darknoise Magazine seguira apoyando a la escena y a las nuevas generaciones, les doy las gracias a todas las personas que creen en Darknoise y sus contenidos e informaciones y sobre todo como un medio de aporte, un abrazo y los saluda cordialmente.<\/p>\t\t\t\t\t\t\t\t<\/div>\n\t\t\t\t<\/div>\n\t\t\t\t<div class=\"elementor-element elementor-element-5122be6 elementor-widget elementor-widget-text-editor\" data-id=\"5122be6\" data-element_type=\"widget\" data-widget_type=\"text-editor.default\">\n\t\t\t\t<div class=\"elementor-widget-container\">\n\t\t\t\t\t\t\t\t\t<p>Darknoise magazine.<\/p>\t\t\t\t\t\t\t\t<\/div>\n\t\t\t\t<\/div>\n\t\t\t\t<div class=\"elementor-element elementor-element-3125def elementor-widget elementor-widget-shortcode\" data-id=\"3125def\" data-element_type=\"widget\" data-widget_type=\"shortcode.default\">\n\t\t\t\t<div class=\"elementor-widget-container\">\n\t\t\t\t\t\t\t<div class=\"elementor-shortcode\">\n<div class=\"wpcf7 no-js\" id=\"wpcf7-f8-o1\" lang=\"es-ES\" dir=\"ltr\" data-wpcf7-id=\"8\">\n<div class=\"screen-reader-response\"><p role=\"status\" aria-live=\"polite\" aria-atomic=\"true\"><\/p> <ul><\/ul><\/div>\n<form action=\"\/index.php\/wp-json\/wp\/v2\/pages\/1856#wpcf7-f8-o1\" method=\"post\" class=\"wpcf7-form init\" aria-label=\"Formulario de contacto\" novalidate=\"novalidate\" data-status=\"init\">\n<div style=\"display: none;\">\n<input type=\"hidden\" name=\"_wpcf7\" value=\"8\" \/>\n<input type=\"hidden\" name=\"_wpcf7_version\" value=\"6.0.6\" \/>\n<input type=\"hidden\" name=\"_wpcf7_locale\" value=\"es_ES\" \/>\n<input type=\"hidden\" name=\"_wpcf7_unit_tag\" value=\"wpcf7-f8-o1\" \/>\n<input type=\"hidden\" name=\"_wpcf7_container_post\" value=\"0\" \/>\n<input type=\"hidden\" name=\"_wpcf7_posted_data_hash\" value=\"\" \/>\n<\/div>\n<label> Tu nombre\n    <span class=\"wpcf7-form-control-wrap\" data-name=\"your-name\"><input size=\"40\" maxlength=\"400\" class=\"wpcf7-form-control wpcf7-text wpcf7-validates-as-required\" aria-required=\"true\" aria-invalid=\"false\" value=\"\" type=\"text\" name=\"your-name\" \/><\/span> <\/label>\n\n<label> Tu correo electr\u00f3nico\n    <span class=\"wpcf7-form-control-wrap\" data-name=\"your-email\"><input size=\"40\" maxlength=\"400\" class=\"wpcf7-form-control wpcf7-email wpcf7-validates-as-required wpcf7-text wpcf7-validates-as-email\" aria-required=\"true\" aria-invalid=\"false\" value=\"\" type=\"email\" name=\"your-email\" \/><\/span> <\/label>\n\n<label> Asunto\n    <span class=\"wpcf7-form-control-wrap\" data-name=\"your-subject\"><input size=\"40\" maxlength=\"400\" class=\"wpcf7-form-control wpcf7-text wpcf7-validates-as-required\" aria-required=\"true\" aria-invalid=\"false\" value=\"\" type=\"text\" name=\"your-subject\" \/><\/span> <\/label>\n\n<label> Tu mensaje (opcional)\n    <span class=\"wpcf7-form-control-wrap\" data-name=\"your-message\"><textarea cols=\"40\" rows=\"10\" maxlength=\"2000\" class=\"wpcf7-form-control wpcf7-textarea\" aria-invalid=\"false\" name=\"your-message\"><\/textarea><\/span> <\/label>\n\n<input class=\"wpcf7-form-control wpcf7-submit has-spinner\" type=\"submit\" value=\"Enviar\" \/><div class=\"wpcf7-response-output\" aria-hidden=\"true\"><\/div>\n<\/form>\n<\/div>\n<\/div>\n\t\t\t\t\t\t<\/div>\n\t\t\t\t<\/div>\n\t\t\t\t\t<\/div>\n\t\t<\/div>\n\t\t\t\t<div class=\"elementor-column elementor-col-33 elementor-top-column elementor-element elementor-element-75972dc\" data-id=\"75972dc\" data-element_type=\"column\">\n\t\t\t<div class=\"elementor-widget-wrap elementor-element-populated\">\n\t\t\t\t\t\t<div class=\"elementor-element elementor-element-d8ea50d elementor-widget elementor-widget-foxiz-heading\" data-id=\"d8ea50d\" data-element_type=\"widget\" data-widget_type=\"foxiz-heading.default\">\n\t\t\t\t<div class=\"elementor-widget-container\">\n\t\t\t\t\t<div id=\"uid_d8ea50d\" class=\"block-h heading-layout-2\"><div class=\"heading-inner\"><h3 class=\"heading-title\"><span>Nuestras Redes<\/span><\/h3><\/div><\/div>\t\t\t\t<\/div>\n\t\t\t\t<\/div>\n\t\t\t\t<div class=\"elementor-element elementor-element-dac63df elementor-widget elementor-widget-wp-widget-widget-follower\" data-id=\"dac63df\" data-element_type=\"widget\" data-widget_type=\"wp-widget-widget-follower.default\">\n\t\t\t\t<div class=\"elementor-widget-container\">\n\t\t\t\t\t\t\t<div class=\"sb-social-counter fncount-wrap is-style-15\">\r\n\t\t\t<div class=\"social-follower effect-fadeout\">\r\n\t\t\t\t\t\t\t\t\t<div class=\"follower-el bg-facebook\">\r\n\t\t\t\t\t\t<a target=\"_blank\" href=\"https:\/\/facebook.com\/darknoisemagazine\" class=\"facebook\" title=\"Facebook\" rel=\"noopener nofollow\"><\/a>\r\n\t\t\t\t\t\t<span class=\"follower-inner h6\">\r\n                                <span class=\"fnicon\"><i class=\"rbi rbi-facebook\"><\/i><\/span>\r\n                                \t                                <span class=\"fnlabel\">Facebook<\/span>\r\n\t                                <span class=\"text-count\">Like<\/span>\r\n                                                            <\/span>\r\n\t\t\t\t\t<\/div>\r\n\t\t\t\t\t\t\t\t\t<div class=\"follower-el bg-instagram\">\r\n\t\t\t\t\t\t<a target=\"_blank\" href=\"https:\/\/instagram.com\/darknoisemagazine\" class=\"instagram\" title=\"Instagram\" rel=\"noopener nofollow\"><\/a>\r\n\t\t\t\t\t\t<span class=\"follower-inner h6\">\r\n                                <span class=\"fnicon\"><i class=\"rbi rbi-instagram\"><\/i><\/span>\r\n                                    \t                                    <span class=\"fnlabel\">Instagram<\/span>\r\n\t                                    <span class=\"text-count\">Seguir<\/span>\r\n                                                                <\/span>\r\n\t\t\t\t\t<\/div>\r\n\t\t\t\t\t\t\t<\/div>\r\n\t\t<\/div>\r\n\t\t\t\t\t\t<\/div>\n\t\t\t\t<\/div>\n\t\t\t\t<div class=\"elementor-element elementor-element-cd3caf6 elementor-widget elementor-widget-image\" data-id=\"cd3caf6\" data-element_type=\"widget\" data-widget_type=\"image.default\">\n\t\t\t\t<div class=\"elementor-widget-container\">\n\t\t\t\t\t\t\t\t\t\t\t\t\t\t\t<img loading=\"lazy\" loading=\"lazy\" decoding=\"async\" width=\"1024\" height=\"283\" src=\"https:\/\/darknoisemagazine.cl\/wp-content\/uploads\/2022\/06\/logo-arreglado-DARKNOISEmagazine-1024x283.jpg\" class=\"attachment-large size-large wp-image-2521\" alt=\"\" srcset=\"https:\/\/darknoisemagazine.cl\/wp-content\/uploads\/2022\/06\/logo-arreglado-DARKNOISEmagazine-1024x283.jpg 1024w, https:\/\/darknoisemagazine.cl\/wp-content\/uploads\/2022\/06\/logo-arreglado-DARKNOISEmagazine-300x83.jpg 300w, https:\/\/darknoisemagazine.cl\/wp-content\/uploads\/2022\/06\/logo-arreglado-DARKNOISEmagazine-768x212.jpg 768w, https:\/\/darknoisemagazine.cl\/wp-content\/uploads\/2022\/06\/logo-arreglado-DARKNOISEmagazine-1536x424.jpg 1536w, https:\/\/darknoisemagazine.cl\/wp-content\/uploads\/2022\/06\/logo-arreglado-DARKNOISEmagazine-2048x565.jpg 2048w, https:\/\/darknoisemagazine.cl\/wp-content\/uploads\/2022\/06\/logo-arreglado-DARKNOISEmagazine-860x237.jpg 860w\" sizes=\"auto, (max-width: 1024px) 100vw, 1024px\" \/>\t\t\t\t\t\t\t\t\t\t\t\t\t\t\t<\/div>\n\t\t\t\t<\/div>\n\t\t\t\t<div class=\"elementor-element elementor-element-ad4c48e elementor-widget elementor-widget-html\" data-id=\"ad4c48e\" data-element_type=\"widget\" data-widget_type=\"html.default\">\n\t\t\t\t<div class=\"elementor-widget-container\">\n\t\t\t\t\t<h3>Contacto<\/h3>\n\n\t\t\t\t<\/div>\n\t\t\t\t<\/div>\n\t\t\t\t<div class=\"elementor-element elementor-element-92d2ceb elementor-widget elementor-widget-text-editor\" data-id=\"92d2ceb\" data-element_type=\"widget\" data-widget_type=\"text-editor.default\">\n\t\t\t\t<div class=\"elementor-widget-container\">\n\t\t\t\t\t\t\t\t\t<p style=\"text-align: center;\"><a href=\"mailto:cristianporras@darknoisemagazine.cl\">cristianporras@darknoisemagazine.cl<\/a><\/p>\t\t\t\t\t\t\t\t<\/div>\n\t\t\t\t<\/div>\n\t\t\t\t<div class=\"elementor-element elementor-element-20d51c4 elementor-widget elementor-widget-html\" data-id=\"20d51c4\" data-element_type=\"widget\" data-widget_type=\"html.default\">\n\t\t\t\t<div class=\"elementor-widget-container\">\n\t\t\t\t\t<h3>STAFF DARKNOISE magazine :<\/h3>\n\n\t\t\t\t<\/div>\n\t\t\t\t<\/div>\n\t\t\t\t<div class=\"elementor-element elementor-element-c8fbd03 elementor-widget elementor-widget-text-editor\" data-id=\"c8fbd03\" data-element_type=\"widget\" data-widget_type=\"text-editor.default\">\n\t\t\t\t<div class=\"elementor-widget-container\">\n\t\t\t\t\t\t\t\t\t<p>Directora : Catalina Navarrete<\/p>\n<p>Cristian Porras : Fotografo \/ Editor<\/p>\n<p>PERIODISTAS:<\/p>\n<p>Nelson Mass<br>Karen Porras<br>Mauricio Rojas<\/p>\n<p>Claudio Mart\u00ednez \/Web Master<\/p>\t\t\t\t\t\t\t\t<\/div>\n\t\t\t\t<\/div>\n\t\t\t\t<div class=\"elementor-element elementor-element-ced7575 elementor-widget elementor-widget-text-editor\" data-id=\"ced7575\" data-element_type=\"widget\" data-widget_type=\"text-editor.default\">\n\t\t\t\t<div class=\"elementor-widget-container\">\n\t\t\t\t\t\t\t\t\t<p style=\"text-align: left;\">Si quieres ser parte del equipo de DARKNOISE&#8217;magazine, envianos tus aportes y solicitudes al mail: <a href=\"mailto:darknoisemag@gmail.com\">darknoisemag@gmail.com<\/a><\/p>\t\t\t\t\t\t\t\t<\/div>\n\t\t\t\t<\/div>\n\t\t\t\t\t<\/div>\n\t\t<\/div>\n\t\t\t\t\t<\/div>\n\t\t<\/section>\n\t\t\t\t<\/div>\n\t\t","protected":false},"excerpt":{"rendered":"<p>Hablemos Cont\u00e1ctanos Darknoize Magazine DARKNOISE magazine nace el a\u00f1o 2004 como primer y unico medio escrito en papel couche dedicados en principio a cubrir la escena musical Dark Gotica de ese momento, luego evolucionamos y mezclamos todos los genero thrash &#8211; metal &#8211; Gothic &#8211; Doom-Hardcore la idea era cubrir y apoyar a bandas zines [&hellip;]<\/p>\n","protected":false},"author":1,"featured_media":0,"parent":0,"menu_order":0,"comment_status":"closed","ping_status":"closed","template":"","meta":{"_eb_attr":"","footnotes":""},"class_list":["post-1856","page","type-page","status-publish"],"_links":{"self":[{"href":"https:\/\/darknoisemagazine.cl\/index.php\/wp-json\/wp\/v2\/pages\/1856","targetHints":{"allow":["GET"]}}],"collection":[{"href":"https:\/\/darknoisemagazine.cl\/index.php\/wp-json\/wp\/v2\/pages"}],"about":[{"href":"https:\/\/darknoisemagazine.cl\/index.php\/wp-json\/wp\/v2\/types\/page"}],"author":[{"embeddable":true,"href":"https:\/\/darknoisemagazine.cl\/index.php\/wp-json\/wp\/v2\/users\/1"}],"replies":[{"embeddable":true,"href":"https:\/\/darknoisemagazine.cl\/index.php\/wp-json\/wp\/v2\/comments?post=1856"}],"version-history":[{"count":40,"href":"https:\/\/darknoisemagazine.cl\/index.php\/wp-json\/wp\/v2\/pages\/1856\/revisions"}],"predecessor-version":[{"id":9414,"href":"https:\/\/darknoisemagazine.cl\/index.php\/wp-json\/wp\/v2\/pages\/1856\/revisions\/9414"}],"wp:attachment":[{"href":"https:\/\/darknoisemagazine.cl\/index.php\/wp-json\/wp\/v2\/media?parent=1856"}],"curies":[{"name":"wp","href":"https:\/\/api.w.org\/{rel}","templated":true}]}}