{"id":2792,"date":"2022-09-05T19:09:32","date_gmt":"2022-09-05T19:09:32","guid":{"rendered":"https:\/\/darknoisemagazine.cl\/?page_id=2792"},"modified":"2022-09-07T03:26:38","modified_gmt":"2022-09-07T03:26:38","slug":"noticias","status":"publish","type":"page","link":"https:\/\/darknoisemagazine.cl\/index.php\/noticias\/","title":{"rendered":"noticias"},"content":{"rendered":"\t\t<div data-elementor-type=\"wp-page\" data-elementor-id=\"2792\" class=\"elementor elementor-2792\">\n\t\t\t\t\t\t<section class=\"elementor-section elementor-top-section elementor-element elementor-element-08c5f85 elementor-section-boxed elementor-section-height-default elementor-section-height-default\" data-id=\"08c5f85\" data-element_type=\"section\">\n\t\t\t\t\t\t<div class=\"elementor-container elementor-column-gap-default\">\n\t\t\t\t\t<div class=\"elementor-column elementor-col-100 elementor-top-column elementor-element elementor-element-3e26029\" data-id=\"3e26029\" data-element_type=\"column\">\n\t\t\t<div class=\"elementor-widget-wrap elementor-element-populated\">\n\t\t\t\t\t\t<div class=\"elementor-element elementor-element-e215080 elementor-widget elementor-widget-foxiz-heading\" data-id=\"e215080\" data-element_type=\"widget\" data-widget_type=\"foxiz-heading.default\">\n\t\t\t\t<div class=\"elementor-widget-container\">\n\t\t\t\t\t<div id=\"uid_e215080\" class=\"block-h heading-layout-2\"><div class=\"heading-inner\"><h2 class=\"heading-title\"><span>Todas las Noticias<\/span><\/h2><\/div><\/div>\t\t\t\t<\/div>\n\t\t\t\t<\/div>\n\t\t\t\t\t<\/div>\n\t\t<\/div>\n\t\t\t\t\t<\/div>\n\t\t<\/section>\n\t\t\t\t<section class=\"elementor-section elementor-top-section elementor-element elementor-element-89b583a elementor-section-boxed elementor-section-height-default elementor-section-height-default\" data-id=\"89b583a\" data-element_type=\"section\">\n\t\t\t\t\t\t<div class=\"elementor-container elementor-column-gap-default\">\n\t\t\t\t\t<div class=\"elementor-column elementor-col-100 elementor-top-column elementor-element elementor-element-ef5a2d7\" data-id=\"ef5a2d7\" data-element_type=\"column\">\n\t\t\t<div class=\"elementor-widget-wrap elementor-element-populated\">\n\t\t\t\t\t\t<div class=\"elementor-element elementor-element-7ad7905 elementor-widget elementor-widget-foxiz-list-box-2\" data-id=\"7ad7905\" data-element_type=\"widget\" data-widget_type=\"foxiz-list-box-2.default\">\n\t\t\t\t<div class=\"elementor-widget-container\">\n\t\t\t\t\t<div id=\"uid_7ad7905\" class=\"block-wrap block-big block-list block-list-box-2 rb-columns rb-col-1 light-scheme hovering-scale ecat-bg-1 ecat-size-big featured-left\"><div class=\"block-inner\">        <div class=\"p-wrap p-list p-list-2 p-list-box-2 box-bg\" data-pid=\"9813\">\r\n\t        <div class=\"list-box\">\r\n            <div class=\"list-holder\">\r\n                <div class=\"list-feat-holder\">\r\n                    <div class=\"feat-holder\">\r\n\t\t\t\t\t\t        <div class=\"p-featured\">\r\n\t\t\t        <a class=\"p-flink\" href=\"https:\/\/darknoisemagazine.cl\/index.php\/2026\/04\/29\/dirkschneider-en-chile-cuando-el-heavy-metal-se-vuelve-leyenda-viva\/\" title=\"\u00abDirkschneider en Chile: Cuando el Heavy Metal se vuelve leyenda viva\u00bb\">\r\n\t\t\t<img loading=\"lazy\" loading=\"lazy\" decoding=\"async\" width=\"860\" height=\"573\" src=\"https:\/\/darknoisemagazine.cl\/wp-content\/uploads\/2026\/04\/IMG_8388-860x573.jpg\" class=\"featured-img wp-post-image\" alt=\"\" \/>        <\/a>\r\n\t\t        <\/div>\r\n\t                    <\/div>\r\n                <\/div>\r\n                <div class=\"p-content\">\r\n\t\t\t\t\t<div class=\"p-categories p-top\"><a class=\"p-category category-id-40\" href=\"https:\/\/darknoisemagazine.cl\/index.php\/category\/resenas\/\" rel=\"category\">Rese\u00f1as<\/a><\/div><h1 class=\"entry-title\">        <a class=\"p-url\" href=\"https:\/\/darknoisemagazine.cl\/index.php\/2026\/04\/29\/dirkschneider-en-chile-cuando-el-heavy-metal-se-vuelve-leyenda-viva\/\" rel=\"bookmark\">\u00abDirkschneider en Chile: Cuando el Heavy Metal se vuelve leyenda viva\u00bb<\/a><\/h1><p class=\"entry-summary\">El Teatro Cariola fue testigo anoche de una verdadera lecci\u00f3n de historia met\u00e1lica. Dirkschneider no lleg\u00f3 a Santiago para ofrecer un concierto convencional, sino para celebrar los 40 a\u00f1os de<span>&hellip;<\/span><\/p>\r\n\t\t\t            <div class=\"p-meta\">\r\n\t\t\t\t                <div class=\"meta-inner is-meta\">\r\n\t\t\t\t\t<span class=\"meta-el meta-author\">\r\n\t\t        <a href=\"https:\/\/darknoisemagazine.cl\/index.php\/author\/darknoize\/\">Darknoise<\/a>\r\n\t\t        <\/span>\r\n\t\t<span class=\"meta-el meta-date\">\r\n\t\t            <time class=\"date published\" datetime=\"2026-04-29T17:35:01+00:00\">29 de abril de 2026<\/time>\r\n\t\t        <\/span>\r\n\t\t        <span class=\"meta-el meta-read\">Minutos de Lectura<\/span>\r\n\t\t                <\/div>\r\n\t\t\t\t            <\/div>\r\n\t\t                <\/div>\r\n            <\/div>\r\n        <\/div>\r\n\t\t        <\/div>\r\n\t<\/div><\/div>\t\t\t\t<\/div>\n\t\t\t\t<\/div>\n\t\t\t\t\t<\/div>\n\t\t<\/div>\n\t\t\t\t\t<\/div>\n\t\t<\/section>\n\t\t\t\t<section class=\"elementor-section elementor-top-section elementor-element elementor-element-a39fa44 elementor-section-boxed elementor-section-height-default elementor-section-height-default\" data-id=\"a39fa44\" data-element_type=\"section\">\n\t\t\t\t\t\t<div class=\"elementor-container elementor-column-gap-default\">\n\t\t\t\t\t<div class=\"elementor-column elementor-col-100 elementor-top-column elementor-element elementor-element-0194948\" data-id=\"0194948\" data-element_type=\"column\">\n\t\t\t<div class=\"elementor-widget-wrap elementor-element-populated\">\n\t\t\t\t\t\t<div class=\"elementor-element elementor-element-c35cafb elementor-widget elementor-widget-foxiz-grid-box-1\" data-id=\"c35cafb\" data-element_type=\"widget\" data-widget_type=\"foxiz-grid-box-1.default\">\n\t\t\t\t<div class=\"elementor-widget-container\">\n\t\t\t\t\t<div id=\"uid_c35cafb\" class=\"block-wrap block-grid block-grid-box-1 rb-columns rb-col-2 rb-tcol-3 rb-mcol-1 is-gap-10 ecat-bg-1 ecat-size-big\"><div class=\"block-inner\">        <div class=\"p-wrap p-grid p-box p-grid-box-1 box-border\" data-pid=\"9806\">\r\n\t        <div class=\"grid-box\">\r\n\t\t\t                <div class=\"feat-holder\">\r\n\t\t\t\t\t        <div class=\"p-featured\">\r\n\t\t\t        <a class=\"p-flink\" href=\"https:\/\/darknoisemagazine.cl\/index.php\/2026\/04\/27\/hercules-love-affair-la-redencion-a-traves-del-ritmo-y-el-soul\/\" title=\"Hercules &amp; Love Affair: La Redenci\u00f3n a trav\u00e9s del Ritmo y el Soul\">\r\n\t\t\t<img loading=\"lazy\" loading=\"lazy\" decoding=\"async\" width=\"420\" height=\"280\" src=\"https:\/\/darknoisemagazine.cl\/wp-content\/uploads\/2026\/04\/hercules-and-love-affair-1200x808-1-420x280.jpg\" class=\"featured-img wp-post-image\" alt=\"\" \/>        <\/a>\r\n\t\t        <\/div>\r\n\t<div class=\"p-categories p-top\"><a class=\"p-category category-id-36\" href=\"https:\/\/darknoisemagazine.cl\/index.php\/category\/noticias\/\" rel=\"category\">Noticias<\/a><\/div><div class=\"spacing\"><\/div>                <\/div>\r\n\t\t\t            <div class=\"p-content\">\r\n\t\t\t\t<h3 class=\"entry-title\">        <a class=\"p-url\" href=\"https:\/\/darknoisemagazine.cl\/index.php\/2026\/04\/27\/hercules-love-affair-la-redencion-a-traves-del-ritmo-y-el-soul\/\" rel=\"bookmark\">Hercules &amp; Love Affair: La Redenci\u00f3n a trav\u00e9s del Ritmo y el Soul<\/a><\/h3><p class=\"entry-summary mobile-hide\">En el universo de la m\u00fasica electr\u00f3nica contempor\u00e1nea, pocos nombres evocan tanta<span>&hellip;<\/span><\/p>\r\n\t\t\t            <div class=\"p-meta\">\r\n\t\t\t\t                <div class=\"meta-inner is-meta\">\r\n\t\t\t\t\t<span class=\"meta-el meta-author\">\r\n\t\t        <a href=\"https:\/\/darknoisemagazine.cl\/index.php\/author\/darknoize\/\">Darknoise<\/a>\r\n\t\t        <\/span>\r\n\t\t<span class=\"meta-el meta-date\">\r\n\t\t            <time class=\"date published\" datetime=\"2026-04-27T22:43:54+00:00\">27 de abril de 2026<\/time>\r\n\t\t        <\/span>\r\n\t\t                <\/div>\r\n\t\t\t\t            <\/div>\r\n\t\t            <\/div>\r\n        <\/div>\r\n\t\t        <\/div>\r\n\t        <div class=\"p-wrap p-grid p-box p-grid-box-1 box-border\" data-pid=\"9796\">\r\n\t        <div class=\"grid-box\">\r\n\t\t\t                <div class=\"feat-holder\">\r\n\t\t\t\t\t        <div class=\"p-featured\">\r\n\t\t\t        <a class=\"p-flink\" href=\"https:\/\/darknoisemagazine.cl\/index.php\/2026\/04\/27\/invasion-etilica-en-santiago-tankard-desato-la-fiesta-del-thrash-metal-en-blondie\/\" title=\"\u00abInvasi\u00f3n et\u00edlica en Santiago: Tankard desat\u00f3 la fiesta del thrash metal en Blondie\u00bb\">\r\n\t\t\t<img loading=\"lazy\" loading=\"lazy\" decoding=\"async\" width=\"420\" height=\"280\" src=\"https:\/\/darknoisemagazine.cl\/wp-content\/uploads\/2026\/04\/IMG_7707-420x280.jpg\" class=\"featured-img wp-post-image\" alt=\"\" \/>        <\/a>\r\n\t\t        <\/div>\r\n\t<div class=\"p-categories p-top\"><a class=\"p-category category-id-1\" href=\"https:\/\/darknoisemagazine.cl\/index.php\/category\/sin-categoria\/\" rel=\"category\">Sin categor\u00eda<\/a><\/div><div class=\"spacing\"><\/div>                <\/div>\r\n\t\t\t            <div class=\"p-content\">\r\n\t\t\t\t<h3 class=\"entry-title\">        <a class=\"p-url\" href=\"https:\/\/darknoisemagazine.cl\/index.php\/2026\/04\/27\/invasion-etilica-en-santiago-tankard-desato-la-fiesta-del-thrash-metal-en-blondie\/\" rel=\"bookmark\">\u00abInvasi\u00f3n et\u00edlica en Santiago: Tankard desat\u00f3 la fiesta del thrash metal en Blondie\u00bb<\/a><\/h3><p class=\"entry-summary mobile-hide\">La banda encargada de abrir el show hoy en Blondie fue ''Disaster''<span>&hellip;<\/span><\/p>\r\n\t\t\t            <div class=\"p-meta\">\r\n\t\t\t\t                <div class=\"meta-inner is-meta\">\r\n\t\t\t\t\t<span class=\"meta-el meta-author\">\r\n\t\t        <a href=\"https:\/\/darknoisemagazine.cl\/index.php\/author\/darknoize\/\">Darknoise<\/a>\r\n\t\t        <\/span>\r\n\t\t<span class=\"meta-el meta-date\">\r\n\t\t            <time class=\"date published\" datetime=\"2026-04-27T13:34:43+00:00\">27 de abril de 2026<\/time>\r\n\t\t        <\/span>\r\n\t\t                <\/div>\r\n\t\t\t\t            <\/div>\r\n\t\t            <\/div>\r\n        <\/div>\r\n\t\t        <\/div>\r\n\t        <div class=\"p-wrap p-grid p-box p-grid-box-1 box-border\" data-pid=\"9783\">\r\n\t        <div class=\"grid-box\">\r\n\t\t\t                <div class=\"feat-holder\">\r\n\t\t\t\t\t        <div class=\"p-featured\">\r\n\t\t\t        <a class=\"p-flink\" href=\"https:\/\/darknoisemagazine.cl\/index.php\/2026\/04\/25\/nevermore-una-invocacion-de-metal-y-melancolia-en-santiago\/\" title=\"Nevermore: Una invocaci\u00f3n de metal y melancol\u00eda en Santiago\">\r\n\t\t\t<img loading=\"lazy\" loading=\"lazy\" decoding=\"async\" width=\"420\" height=\"280\" src=\"https:\/\/darknoisemagazine.cl\/wp-content\/uploads\/2026\/04\/IMG_7275-420x280.jpg\" class=\"featured-img wp-post-image\" alt=\"\" \/>        <\/a>\r\n\t\t        <\/div>\r\n\t<div class=\"p-categories p-top\"><a class=\"p-category category-id-40\" href=\"https:\/\/darknoisemagazine.cl\/index.php\/category\/resenas\/\" rel=\"category\">Rese\u00f1as<\/a><\/div><div class=\"spacing\"><\/div>                <\/div>\r\n\t\t\t            <div class=\"p-content\">\r\n\t\t\t\t<h3 class=\"entry-title\">        <a class=\"p-url\" href=\"https:\/\/darknoisemagazine.cl\/index.php\/2026\/04\/25\/nevermore-una-invocacion-de-metal-y-melancolia-en-santiago\/\" rel=\"bookmark\">Nevermore: Una invocaci\u00f3n de metal y melancol\u00eda en Santiago<\/a><\/h3><p class=\"entry-summary mobile-hide\">Hay noches en las que la m\u00fasica deja de ser un espect\u00e1culo<span>&hellip;<\/span><\/p>\r\n\t\t\t            <div class=\"p-meta\">\r\n\t\t\t\t                <div class=\"meta-inner is-meta\">\r\n\t\t\t\t\t<span class=\"meta-el meta-author\">\r\n\t\t        <a href=\"https:\/\/darknoisemagazine.cl\/index.php\/author\/darknoize\/\">Darknoise<\/a>\r\n\t\t        <\/span>\r\n\t\t<span class=\"meta-el meta-date\">\r\n\t\t            <time class=\"date published\" datetime=\"2026-04-25T15:21:56+00:00\">25 de abril de 2026<\/time>\r\n\t\t        <\/span>\r\n\t\t                <\/div>\r\n\t\t\t\t            <\/div>\r\n\t\t            <\/div>\r\n        <\/div>\r\n\t\t        <\/div>\r\n\t        <div class=\"p-wrap p-grid p-box p-grid-box-1 box-border\" data-pid=\"9778\">\r\n\t        <div class=\"grid-box\">\r\n\t\t\t                <div class=\"feat-holder\">\r\n\t\t\t\t\t        <div class=\"p-featured\">\r\n\t\t\t        <a class=\"p-flink\" href=\"https:\/\/darknoisemagazine.cl\/index.php\/2026\/04\/24\/cult-of-fire-el-ritual-de-la-muerte-y-la-iluminacion-sonica\/\" title=\"Cult of Fire: El Ritual de la Muerte y la Iluminaci\u00f3n S\u00f3nica\">\r\n\t\t\t<img loading=\"lazy\" loading=\"lazy\" decoding=\"async\" width=\"420\" height=\"280\" src=\"https:\/\/darknoisemagazine.cl\/wp-content\/uploads\/2026\/04\/Portada-NOTICIAS-PoM-1-8-1000x600-1-420x280.jpg\" class=\"featured-img wp-post-image\" alt=\"\" \/>        <\/a>\r\n\t\t        <\/div>\r\n\t<div class=\"p-categories p-top\"><a class=\"p-category category-id-40\" href=\"https:\/\/darknoisemagazine.cl\/index.php\/category\/resenas\/\" rel=\"category\">Rese\u00f1as<\/a><\/div><div class=\"spacing\"><\/div>                <\/div>\r\n\t\t\t            <div class=\"p-content\">\r\n\t\t\t\t<h3 class=\"entry-title\">        <a class=\"p-url\" href=\"https:\/\/darknoisemagazine.cl\/index.php\/2026\/04\/24\/cult-of-fire-el-ritual-de-la-muerte-y-la-iluminacion-sonica\/\" rel=\"bookmark\">Cult of Fire: El Ritual de la Muerte y la Iluminaci\u00f3n S\u00f3nica<\/a><\/h3><p class=\"entry-summary mobile-hide\">En el vasto y a menudo saturado oc\u00e9ano del Black Metal contempor\u00e1neo,<span>&hellip;<\/span><\/p>\r\n\t\t\t            <div class=\"p-meta\">\r\n\t\t\t\t                <div class=\"meta-inner is-meta\">\r\n\t\t\t\t\t<span class=\"meta-el meta-author\">\r\n\t\t        <a href=\"https:\/\/darknoisemagazine.cl\/index.php\/author\/darknoize\/\">Darknoise<\/a>\r\n\t\t        <\/span>\r\n\t\t<span class=\"meta-el meta-date\">\r\n\t\t            <time class=\"date published\" datetime=\"2026-04-24T21:59:34+00:00\">24 de abril de 2026<\/time>\r\n\t\t        <\/span>\r\n\t\t                <\/div>\r\n\t\t\t\t            <\/div>\r\n\t\t            <\/div>\r\n        <\/div>\r\n\t\t        <\/div>\r\n\t        <div class=\"p-wrap p-grid p-box p-grid-box-1 box-border\" data-pid=\"9774\">\r\n\t        <div class=\"grid-box\">\r\n\t\t\t                <div class=\"feat-holder\">\r\n\t\t\t\t\t        <div class=\"p-featured\">\r\n\t\t\t        <a class=\"p-flink\" href=\"https:\/\/darknoisemagazine.cl\/index.php\/2026\/04\/24\/vader-y-master-en-chile-el-culto-a-la-muerte-se-tomaran-santiago-este-9-de-mayo-en-el-teatro-cariola\/\" title=\"Vader y Master en Chile: El Culto a la Muerte se tomaran Santiago este 9 de mayo en el Teatro Cariola.\">\r\n\t\t\t<img loading=\"lazy\" loading=\"lazy\" decoding=\"async\" width=\"420\" height=\"280\" src=\"https:\/\/darknoisemagazine.cl\/wp-content\/uploads\/2026\/04\/Portada-NOTICIAS-PoM-35-420x280.jpg\" class=\"featured-img wp-post-image\" alt=\"\" \/>        <\/a>\r\n\t\t        <\/div>\r\n\t<div class=\"p-categories p-top\"><a class=\"p-category category-id-1\" href=\"https:\/\/darknoisemagazine.cl\/index.php\/category\/sin-categoria\/\" rel=\"category\">Sin categor\u00eda<\/a><\/div><div class=\"spacing\"><\/div>                <\/div>\r\n\t\t\t            <div class=\"p-content\">\r\n\t\t\t\t<h3 class=\"entry-title\">        <a class=\"p-url\" href=\"https:\/\/darknoisemagazine.cl\/index.php\/2026\/04\/24\/vader-y-master-en-chile-el-culto-a-la-muerte-se-tomaran-santiago-este-9-de-mayo-en-el-teatro-cariola\/\" rel=\"bookmark\">Vader y Master en Chile: El Culto a la Muerte se tomaran Santiago este 9 de mayo en el Teatro Cariola.<\/a><\/h3><p class=\"entry-summary mobile-hide\">Cuando se habla de la columna vertebral del Death Metal, los nombres<span>&hellip;<\/span><\/p>\r\n\t\t\t            <div class=\"p-meta\">\r\n\t\t\t\t                <div class=\"meta-inner is-meta\">\r\n\t\t\t\t\t<span class=\"meta-el meta-author\">\r\n\t\t        <a href=\"https:\/\/darknoisemagazine.cl\/index.php\/author\/darknoize\/\">Darknoise<\/a>\r\n\t\t        <\/span>\r\n\t\t<span class=\"meta-el meta-date\">\r\n\t\t            <time class=\"date published\" datetime=\"2026-04-24T19:57:45+00:00\">24 de abril de 2026<\/time>\r\n\t\t        <\/span>\r\n\t\t                <\/div>\r\n\t\t\t\t            <\/div>\r\n\t\t            <\/div>\r\n        <\/div>\r\n\t\t        <\/div>\r\n\t        <div class=\"p-wrap p-grid p-box p-grid-box-1 box-border\" data-pid=\"9762\">\r\n\t        <div class=\"grid-box\">\r\n\t\t\t                <div class=\"feat-holder\">\r\n\t\t\t\t\t        <div class=\"p-featured\">\r\n\t\t\t        <a class=\"p-flink\" href=\"https:\/\/darknoisemagazine.cl\/index.php\/2026\/04\/24\/jinjer-una-descarga-implacable-que-sacudio-el-caupolican\/\" title=\"Jinjer: una descarga implacable que sacudi\u00f3 el Caupolic\u00e1n\">\r\n\t\t\t<img loading=\"lazy\" loading=\"lazy\" decoding=\"async\" width=\"420\" height=\"280\" src=\"https:\/\/darknoisemagazine.cl\/wp-content\/uploads\/2026\/04\/12-420x280.jpg\" class=\"featured-img wp-post-image\" alt=\"\" \/>        <\/a>\r\n\t\t        <\/div>\r\n\t<div class=\"p-categories p-top\"><a class=\"p-category category-id-40\" href=\"https:\/\/darknoisemagazine.cl\/index.php\/category\/resenas\/\" rel=\"category\">Rese\u00f1as<\/a><\/div><div class=\"spacing\"><\/div>                <\/div>\r\n\t\t\t            <div class=\"p-content\">\r\n\t\t\t\t<h3 class=\"entry-title\">        <a class=\"p-url\" href=\"https:\/\/darknoisemagazine.cl\/index.php\/2026\/04\/24\/jinjer-una-descarga-implacable-que-sacudio-el-caupolican\/\" rel=\"bookmark\">Jinjer: una descarga implacable que sacudi\u00f3 el Caupolic\u00e1n<\/a><\/h3><p class=\"entry-summary mobile-hide\">La noche del 23 de abril en el Teatro Caupolic\u00e1n dej\u00f3 claro<span>&hellip;<\/span><\/p>\r\n\t\t\t            <div class=\"p-meta\">\r\n\t\t\t\t                <div class=\"meta-inner is-meta\">\r\n\t\t\t\t\t<span class=\"meta-el meta-author\">\r\n\t\t        <a href=\"https:\/\/darknoisemagazine.cl\/index.php\/author\/darknoize\/\">Darknoise<\/a>\r\n\t\t        <\/span>\r\n\t\t<span class=\"meta-el meta-date\">\r\n\t\t            <time class=\"date published\" datetime=\"2026-04-24T18:30:15+00:00\">24 de abril de 2026<\/time>\r\n\t\t        <\/span>\r\n\t\t                <\/div>\r\n\t\t\t\t            <\/div>\r\n\t\t            <\/div>\r\n        <\/div>\r\n\t\t        <\/div>\r\n\t        <div class=\"p-wrap p-grid p-box p-grid-box-1 box-border\" data-pid=\"9759\">\r\n\t        <div class=\"grid-box\">\r\n\t\t\t                <div class=\"feat-holder\">\r\n\t\t\t\t\t        <div class=\"p-featured\">\r\n\t\t\t        <a class=\"p-flink\" href=\"https:\/\/darknoisemagazine.cl\/index.php\/2026\/04\/23\/nine-inch-nails-y-boys-noize-se-fusionan-en-coachella-y-un-nuevo-disco-de-estudio\/\" title=\"Nine Inch Nails y Boys Noize se fusionan en Coachella y un nuevo disco de estudio\">\r\n\t\t\t<img loading=\"lazy\" loading=\"lazy\" decoding=\"async\" width=\"420\" height=\"280\" src=\"https:\/\/darknoisemagazine.cl\/wp-content\/uploads\/2026\/04\/Nine-Inch-Noize-coachella-2026-1021x580-1-420x280.jpg\" class=\"featured-img wp-post-image\" alt=\"\" \/>        <\/a>\r\n\t\t        <\/div>\r\n\t<div class=\"p-categories p-top\"><a class=\"p-category category-id-1\" href=\"https:\/\/darknoisemagazine.cl\/index.php\/category\/sin-categoria\/\" rel=\"category\">Sin categor\u00eda<\/a><\/div><div class=\"spacing\"><\/div>                <\/div>\r\n\t\t\t            <div class=\"p-content\">\r\n\t\t\t\t<h3 class=\"entry-title\">        <a class=\"p-url\" href=\"https:\/\/darknoisemagazine.cl\/index.php\/2026\/04\/23\/nine-inch-nails-y-boys-noize-se-fusionan-en-coachella-y-un-nuevo-disco-de-estudio\/\" rel=\"bookmark\">Nine Inch Nails y Boys Noize se fusionan en Coachella y un nuevo disco de estudio<\/a><\/h3><p class=\"entry-summary mobile-hide\">Nine Inch Noize \u2014la colaboraci\u00f3n entre\u00a0Nine Inch Nails\u00a0y Boys Noize\u2014 hizo su<span>&hellip;<\/span><\/p>\r\n\t\t\t            <div class=\"p-meta\">\r\n\t\t\t\t                <div class=\"meta-inner is-meta\">\r\n\t\t\t\t\t<span class=\"meta-el meta-author\">\r\n\t\t        <a href=\"https:\/\/darknoisemagazine.cl\/index.php\/author\/darknoize\/\">Darknoise<\/a>\r\n\t\t        <\/span>\r\n\t\t<span class=\"meta-el meta-date\">\r\n\t\t            <time class=\"date published\" datetime=\"2026-04-23T20:55:02+00:00\">23 de abril de 2026<\/time>\r\n\t\t        <\/span>\r\n\t\t                <\/div>\r\n\t\t\t\t            <\/div>\r\n\t\t            <\/div>\r\n        <\/div>\r\n\t\t        <\/div>\r\n\t        <div class=\"p-wrap p-grid p-box p-grid-box-1 box-border\" data-pid=\"9748\">\r\n\t        <div class=\"grid-box\">\r\n\t\t\t                <div class=\"feat-holder\">\r\n\t\t\t\t\t        <div class=\"p-featured\">\r\n\t\t\t        <a class=\"p-flink\" href=\"https:\/\/darknoisemagazine.cl\/index.php\/2026\/04\/23\/amaranthe-visions-of-atlantis-debut-epica-y-una-jornada-inolvidable-en-el-cariola\/\" title=\"Amaranthe + Visions Of Atlantis: debut, \u00e9pica y una jornada inolvidable en el Cariola\">\r\n\t\t\t<img loading=\"lazy\" loading=\"lazy\" decoding=\"async\" width=\"420\" height=\"280\" src=\"https:\/\/darknoisemagazine.cl\/wp-content\/uploads\/2026\/04\/vvvv-420x280.jpg\" class=\"featured-img wp-post-image\" alt=\"\" \/>        <\/a>\r\n\t\t        <\/div>\r\n\t<div class=\"p-categories p-top\"><a class=\"p-category category-id-40\" href=\"https:\/\/darknoisemagazine.cl\/index.php\/category\/resenas\/\" rel=\"category\">Rese\u00f1as<\/a><\/div><div class=\"spacing\"><\/div>                <\/div>\r\n\t\t\t            <div class=\"p-content\">\r\n\t\t\t\t<h3 class=\"entry-title\">        <a class=\"p-url\" href=\"https:\/\/darknoisemagazine.cl\/index.php\/2026\/04\/23\/amaranthe-visions-of-atlantis-debut-epica-y-una-jornada-inolvidable-en-el-cariola\/\" rel=\"bookmark\">Amaranthe + Visions Of Atlantis: debut, \u00e9pica y una jornada inolvidable en el Cariola<\/a><\/h3><p class=\"entry-summary mobile-hide\">El Teatro Cariola recibi\u00f3 este 22 de abril una de esas jornadas<span>&hellip;<\/span><\/p>\r\n\t\t\t            <div class=\"p-meta\">\r\n\t\t\t\t                <div class=\"meta-inner is-meta\">\r\n\t\t\t\t\t<span class=\"meta-el meta-author\">\r\n\t\t        <a href=\"https:\/\/darknoisemagazine.cl\/index.php\/author\/darknoize\/\">Darknoise<\/a>\r\n\t\t        <\/span>\r\n\t\t<span class=\"meta-el meta-date\">\r\n\t\t            <time class=\"date published\" datetime=\"2026-04-23T19:51:31+00:00\">23 de abril de 2026<\/time>\r\n\t\t        <\/span>\r\n\t\t                <\/div>\r\n\t\t\t\t            <\/div>\r\n\t\t            <\/div>\r\n        <\/div>\r\n\t\t        <\/div>\r\n\t<\/div>        <div class=\"pagination-wrap pagination-loadmore\">\r\n            <a href=\"#\" class=\"loadmore-trigger\"><span>Show More<\/span><i class=\"rb-loader\"><\/i><\/a>\r\n        <\/div>\r\n\t\t<\/div>\t\t\t\t<\/div>\n\t\t\t\t<\/div>\n\t\t\t\t\t<\/div>\n\t\t<\/div>\n\t\t\t\t\t<\/div>\n\t\t<\/section>\n\t\t\t\t<\/div>\n\t\t","protected":false},"excerpt":{"rendered":"<p>Todas las Noticias edit Entrevistas OPONENTE &#8211; Thrash con mucha proyecci\u00f3n&#8230; Las Influencias de la banda en general es el Thrash, Heavy, Death y Black metal, pasando todo por una juguera tratando de crear algo nuevo dentro del movimiento. tocamos un&hellip; darknoise 6 de septiembre de 2022 Minutos de Lectura edit Entrevistas VIOFLESH &#8211; El [&hellip;]<\/p>\n","protected":false},"author":1,"featured_media":0,"parent":0,"menu_order":0,"comment_status":"closed","ping_status":"closed","template":"","meta":{"_eb_attr":"","footnotes":""},"class_list":["post-2792","page","type-page","status-publish"],"_links":{"self":[{"href":"https:\/\/darknoisemagazine.cl\/index.php\/wp-json\/wp\/v2\/pages\/2792","targetHints":{"allow":["GET"]}}],"collection":[{"href":"https:\/\/darknoisemagazine.cl\/index.php\/wp-json\/wp\/v2\/pages"}],"about":[{"href":"https:\/\/darknoisemagazine.cl\/index.php\/wp-json\/wp\/v2\/types\/page"}],"author":[{"embeddable":true,"href":"https:\/\/darknoisemagazine.cl\/index.php\/wp-json\/wp\/v2\/users\/1"}],"replies":[{"embeddable":true,"href":"https:\/\/darknoisemagazine.cl\/index.php\/wp-json\/wp\/v2\/comments?post=2792"}],"version-history":[{"count":19,"href":"https:\/\/darknoisemagazine.cl\/index.php\/wp-json\/wp\/v2\/pages\/2792\/revisions"}],"predecessor-version":[{"id":3082,"href":"https:\/\/darknoisemagazine.cl\/index.php\/wp-json\/wp\/v2\/pages\/2792\/revisions\/3082"}],"wp:attachment":[{"href":"https:\/\/darknoisemagazine.cl\/index.php\/wp-json\/wp\/v2\/media?parent=2792"}],"curies":[{"name":"wp","href":"https:\/\/api.w.org\/{rel}","templated":true}]}}