{"id":2826,"date":"2022-09-05T19:50:35","date_gmt":"2022-09-05T19:50:35","guid":{"rendered":"https:\/\/darknoisemagazine.cl\/?page_id=2826"},"modified":"2022-09-07T03:28:00","modified_gmt":"2022-09-07T03:28:00","slug":"entrevistas","status":"publish","type":"page","link":"https:\/\/darknoisemagazine.cl\/index.php\/entrevistas\/","title":{"rendered":"entrevistas"},"content":{"rendered":"\t\t<div data-elementor-type=\"wp-page\" data-elementor-id=\"2826\" class=\"elementor elementor-2826\">\n\t\t\t\t\t\t<section class=\"elementor-section elementor-top-section elementor-element elementor-element-08c5f85 elementor-section-boxed elementor-section-height-default elementor-section-height-default\" data-id=\"08c5f85\" data-element_type=\"section\">\n\t\t\t\t\t\t<div class=\"elementor-container elementor-column-gap-default\">\n\t\t\t\t\t<div class=\"elementor-column elementor-col-100 elementor-top-column elementor-element elementor-element-3e26029\" data-id=\"3e26029\" data-element_type=\"column\">\n\t\t\t<div class=\"elementor-widget-wrap elementor-element-populated\">\n\t\t\t\t\t\t<div class=\"elementor-element elementor-element-e215080 elementor-widget elementor-widget-foxiz-heading\" data-id=\"e215080\" data-element_type=\"widget\" data-widget_type=\"foxiz-heading.default\">\n\t\t\t\t<div class=\"elementor-widget-container\">\n\t\t\t\t\t<div id=\"uid_e215080\" class=\"block-h heading-layout-2\"><div class=\"heading-inner\"><h2 class=\"heading-title\"><span>Todas las Entrevistas<\/span><\/h2><\/div><\/div>\t\t\t\t<\/div>\n\t\t\t\t<\/div>\n\t\t\t\t\t<\/div>\n\t\t<\/div>\n\t\t\t\t\t<\/div>\n\t\t<\/section>\n\t\t\t\t<section class=\"elementor-section elementor-top-section elementor-element elementor-element-89b583a elementor-section-boxed elementor-section-height-default elementor-section-height-default\" data-id=\"89b583a\" data-element_type=\"section\">\n\t\t\t\t\t\t<div class=\"elementor-container elementor-column-gap-default\">\n\t\t\t\t\t<div class=\"elementor-column elementor-col-100 elementor-top-column elementor-element elementor-element-ef5a2d7\" data-id=\"ef5a2d7\" data-element_type=\"column\">\n\t\t\t<div class=\"elementor-widget-wrap elementor-element-populated\">\n\t\t\t\t\t\t<div class=\"elementor-element elementor-element-7ad7905 elementor-widget elementor-widget-foxiz-list-box-2\" data-id=\"7ad7905\" data-element_type=\"widget\" data-widget_type=\"foxiz-list-box-2.default\">\n\t\t\t\t<div class=\"elementor-widget-container\">\n\t\t\t\t\t<div id=\"uid_7ad7905\" class=\"block-wrap block-big block-list block-list-box-2 rb-columns rb-col-1 light-scheme hovering-scale ecat-bg-1 ecat-size-big featured-left\"><div class=\"block-inner\">        <div class=\"p-wrap p-list p-list-2 p-list-box-2 box-bg\" data-pid=\"9562\">\r\n\t        <div class=\"list-box\">\r\n            <div class=\"list-holder\">\r\n                <div class=\"list-feat-holder\">\r\n                    <div class=\"feat-holder\">\r\n\t\t\t\t\t\t        <div class=\"p-featured\">\r\n\t\t\t        <a class=\"p-flink\" href=\"https:\/\/darknoisemagazine.cl\/index.php\/2026\/03\/12\/die-krupps-cuatro-decadas-empujando-los-limites-del-industrial\/\" title=\"Die Krupps: cuatro d\u00e9cadas empujando los l\u00edmites del industrial\">\r\n\t\t\t<img loading=\"lazy\" loading=\"lazy\" decoding=\"async\" width=\"860\" height=\"856\" src=\"https:\/\/darknoisemagazine.cl\/wp-content\/uploads\/2026\/03\/Die-Krupps-Interview-860x856.webp\" class=\"featured-img wp-post-image\" alt=\"\" \/>        <\/a>\r\n\t\t        <\/div>\r\n\t                    <\/div>\r\n                <\/div>\r\n                <div class=\"p-content\">\r\n\t\t\t\t\t<div class=\"p-categories p-top\"><a class=\"p-category category-id-38\" href=\"https:\/\/darknoisemagazine.cl\/index.php\/category\/entrevistas\/\" rel=\"category\">Entrevistas<\/a><\/div><h1 class=\"entry-title\">        <a class=\"p-url\" href=\"https:\/\/darknoisemagazine.cl\/index.php\/2026\/03\/12\/die-krupps-cuatro-decadas-empujando-los-limites-del-industrial\/\" rel=\"bookmark\">Die Krupps: cuatro d\u00e9cadas empujando los l\u00edmites del industrial<\/a><\/h1><p class=\"entry-summary\">Die Krupps: cuatro d\u00e9cadas empujando los l\u00edmites del industrialPocas bandas pueden decir que ayudaron a definir el sonido de todo un g\u00e9nero. Desde Alemania, Die Krupps ha sido una de<span>&hellip;<\/span><\/p>\r\n\t\t\t            <div class=\"p-meta\">\r\n\t\t\t\t                <div class=\"meta-inner is-meta\">\r\n\t\t\t\t\t<span class=\"meta-el meta-author\">\r\n\t\t        <a href=\"https:\/\/darknoisemagazine.cl\/index.php\/author\/darknoize\/\">Darknoise<\/a>\r\n\t\t        <\/span>\r\n\t\t<span class=\"meta-el meta-date\">\r\n\t\t            <time class=\"date published\" datetime=\"2026-03-12T23:45:47+00:00\">12 de marzo de 2026<\/time>\r\n\t\t        <\/span>\r\n\t\t        <span class=\"meta-el meta-read\">Minutos de Lectura<\/span>\r\n\t\t                <\/div>\r\n\t\t\t\t            <\/div>\r\n\t\t                <\/div>\r\n            <\/div>\r\n        <\/div>\r\n\t\t        <\/div>\r\n\t<\/div><\/div>\t\t\t\t<\/div>\n\t\t\t\t<\/div>\n\t\t\t\t\t<\/div>\n\t\t<\/div>\n\t\t\t\t\t<\/div>\n\t\t<\/section>\n\t\t\t\t<section class=\"elementor-section elementor-top-section elementor-element elementor-element-a39fa44 elementor-section-boxed elementor-section-height-default elementor-section-height-default\" data-id=\"a39fa44\" data-element_type=\"section\">\n\t\t\t\t\t\t<div class=\"elementor-container elementor-column-gap-default\">\n\t\t\t\t\t<div class=\"elementor-column elementor-col-100 elementor-top-column elementor-element elementor-element-0194948\" data-id=\"0194948\" data-element_type=\"column\">\n\t\t\t<div class=\"elementor-widget-wrap elementor-element-populated\">\n\t\t\t\t\t\t<div class=\"elementor-element elementor-element-c35cafb elementor-widget elementor-widget-foxiz-grid-box-1\" data-id=\"c35cafb\" data-element_type=\"widget\" data-widget_type=\"foxiz-grid-box-1.default\">\n\t\t\t\t<div class=\"elementor-widget-container\">\n\t\t\t\t\t<div id=\"uid_c35cafb\" class=\"block-wrap block-grid block-grid-box-1 rb-columns rb-col-2 rb-tcol-3 rb-mcol-1 is-gap-10 ecat-bg-1 ecat-size-big\"><div class=\"block-inner\">        <div class=\"p-wrap p-grid p-box p-grid-box-1 box-border\" data-pid=\"9547\">\r\n\t        <div class=\"grid-box\">\r\n\t\t\t                <div class=\"feat-holder\">\r\n\t\t\t\t\t        <div class=\"p-featured\">\r\n\t\t\t        <a class=\"p-flink\" href=\"https:\/\/darknoisemagazine.cl\/index.php\/2026\/03\/08\/xtr-human-ritmos-oscuros-en-alto-voltaje\/\" title=\"XTR HUMAN: Ritmos oscuros en alto voltaje\">\r\n\t\t\t<img loading=\"lazy\" loading=\"lazy\" decoding=\"async\" width=\"300\" height=\"267\" src=\"https:\/\/darknoisemagazine.cl\/wp-content\/uploads\/2026\/03\/0037252573_23.jpg\" class=\"featured-img wp-post-image\" alt=\"\" \/>        <\/a>\r\n\t\t        <\/div>\r\n\t<div class=\"p-categories p-top\"><a class=\"p-category category-id-38\" href=\"https:\/\/darknoisemagazine.cl\/index.php\/category\/entrevistas\/\" rel=\"category\">Entrevistas<\/a><\/div><div class=\"spacing\"><\/div>                <\/div>\r\n\t\t\t            <div class=\"p-content\">\r\n\t\t\t\t<h3 class=\"entry-title\">        <a class=\"p-url\" href=\"https:\/\/darknoisemagazine.cl\/index.php\/2026\/03\/08\/xtr-human-ritmos-oscuros-en-alto-voltaje\/\" rel=\"bookmark\">XTR HUMAN: Ritmos oscuros en alto voltaje<\/a><\/h3><p class=\"entry-summary mobile-hide\">En el universo de la m\u00fasica oscura contempor\u00e1nea, XTR HUMAN se ha<span>&hellip;<\/span><\/p>\r\n\t\t\t            <div class=\"p-meta\">\r\n\t\t\t\t                <div class=\"meta-inner is-meta\">\r\n\t\t\t\t\t<span class=\"meta-el meta-author\">\r\n\t\t        <a href=\"https:\/\/darknoisemagazine.cl\/index.php\/author\/darknoize\/\">Darknoise<\/a>\r\n\t\t        <\/span>\r\n\t\t<span class=\"meta-el meta-date\">\r\n\t\t            <time class=\"date published\" datetime=\"2026-03-08T19:00:33+00:00\">8 de marzo de 2026<\/time>\r\n\t\t        <\/span>\r\n\t\t                <\/div>\r\n\t\t\t\t            <\/div>\r\n\t\t            <\/div>\r\n        <\/div>\r\n\t\t        <\/div>\r\n\t        <div class=\"p-wrap p-grid p-box p-grid-box-1 box-border\" data-pid=\"9541\">\r\n\t        <div class=\"grid-box\">\r\n\t\t\t                <div class=\"feat-holder\">\r\n\t\t\t\t\t        <div class=\"p-featured\">\r\n\t\t\t        <a class=\"p-flink\" href=\"https:\/\/darknoisemagazine.cl\/index.php\/2026\/03\/05\/the-original-sin-mas-alla-del-filtro-y-la-sobreproduccion\/\" title=\"The Original Sin: M\u00e1s all\u00e1 del filtro y la sobreproducci\u00f3n\">\r\n\t\t\t<img loading=\"lazy\" loading=\"lazy\" decoding=\"async\" width=\"420\" height=\"280\" src=\"https:\/\/darknoisemagazine.cl\/wp-content\/uploads\/2026\/03\/0040575458_25-420x280.jpg\" class=\"featured-img wp-post-image\" alt=\"\" \/>        <\/a>\r\n\t\t        <\/div>\r\n\t<div class=\"p-categories p-top\"><a class=\"p-category category-id-38\" href=\"https:\/\/darknoisemagazine.cl\/index.php\/category\/entrevistas\/\" rel=\"category\">Entrevistas<\/a><\/div><div class=\"spacing\"><\/div>                <\/div>\r\n\t\t\t            <div class=\"p-content\">\r\n\t\t\t\t<h3 class=\"entry-title\">        <a class=\"p-url\" href=\"https:\/\/darknoisemagazine.cl\/index.php\/2026\/03\/05\/the-original-sin-mas-alla-del-filtro-y-la-sobreproduccion\/\" rel=\"bookmark\">The Original Sin: M\u00e1s all\u00e1 del filtro y la sobreproducci\u00f3n<\/a><\/h3><p class=\"entry-summary mobile-hide\">En una escena donde la est\u00e9tica oscura ya no basta y la<span>&hellip;<\/span><\/p>\r\n\t\t\t            <div class=\"p-meta\">\r\n\t\t\t\t                <div class=\"meta-inner is-meta\">\r\n\t\t\t\t\t<span class=\"meta-el meta-author\">\r\n\t\t        <a href=\"https:\/\/darknoisemagazine.cl\/index.php\/author\/darknoize\/\">Darknoise<\/a>\r\n\t\t        <\/span>\r\n\t\t<span class=\"meta-el meta-date\">\r\n\t\t            <time class=\"date published\" datetime=\"2026-03-05T01:12:14+00:00\">5 de marzo de 2026<\/time>\r\n\t\t        <\/span>\r\n\t\t                <\/div>\r\n\t\t\t\t            <\/div>\r\n\t\t            <\/div>\r\n        <\/div>\r\n\t\t        <\/div>\r\n\t        <div class=\"p-wrap p-grid p-box p-grid-box-1 box-border\" data-pid=\"9024\">\r\n\t        <div class=\"grid-box\">\r\n\t\t\t                <div class=\"feat-holder\">\r\n\t\t\t\t\t        <div class=\"p-featured\">\r\n\t\t\t        <a class=\"p-flink\" href=\"https:\/\/darknoisemagazine.cl\/index.php\/2025\/07\/24\/berbeluha-musica-experimental-oscura-desde-polonia-para-el-mundo\/\" title=\"BERBELUHA musica experimental oscura desde Polonia para el mundo!!!\">\r\n\t\t\t<img loading=\"lazy\" loading=\"lazy\" decoding=\"async\" width=\"420\" height=\"280\" src=\"https:\/\/darknoisemagazine.cl\/wp-content\/uploads\/2025\/07\/Berbeluha-profile-picture-420x280.png\" class=\"featured-img wp-post-image\" alt=\"\" \/>        <\/a>\r\n\t\t        <\/div>\r\n\t<div class=\"p-categories p-top\"><a class=\"p-category category-id-38\" href=\"https:\/\/darknoisemagazine.cl\/index.php\/category\/entrevistas\/\" rel=\"category\">Entrevistas<\/a><\/div><div class=\"spacing\"><\/div>                <\/div>\r\n\t\t\t            <div class=\"p-content\">\r\n\t\t\t\t<h3 class=\"entry-title\">        <a class=\"p-url\" href=\"https:\/\/darknoisemagazine.cl\/index.php\/2025\/07\/24\/berbeluha-musica-experimental-oscura-desde-polonia-para-el-mundo\/\" rel=\"bookmark\">BERBELUHA musica experimental oscura desde Polonia para el mundo!!!<\/a><\/h3><p class=\"entry-summary mobile-hide\">El proyecto experimental polaco Berbeluha ha lanzado su nuevo \u00e1lbum \u00abDrama from<span>&hellip;<\/span><\/p>\r\n\t\t\t            <div class=\"p-meta\">\r\n\t\t\t\t                <div class=\"meta-inner is-meta\">\r\n\t\t\t\t\t<span class=\"meta-el meta-author\">\r\n\t\t        <a href=\"https:\/\/darknoisemagazine.cl\/index.php\/author\/darknoize\/\">Darknoise<\/a>\r\n\t\t        <\/span>\r\n\t\t<span class=\"meta-el meta-date\">\r\n\t\t            <time class=\"date published\" datetime=\"2025-07-24T22:35:33+00:00\">24 de julio de 2025<\/time>\r\n\t\t        <\/span>\r\n\t\t                <\/div>\r\n\t\t\t\t            <\/div>\r\n\t\t            <\/div>\r\n        <\/div>\r\n\t\t        <\/div>\r\n\t        <div class=\"p-wrap p-grid p-box p-grid-box-1 box-border\" data-pid=\"8997\">\r\n\t        <div class=\"grid-box\">\r\n\t\t\t                <div class=\"feat-holder\">\r\n\t\t\t\t\t        <div class=\"p-featured\">\r\n\t\t\t        <a class=\"p-flink\" href=\"https:\/\/darknoisemagazine.cl\/index.php\/2025\/07\/15\/rina-pavar-sonidos-electronicos-con-la-mezcla-precisa-de-sensualidad\/\" title=\"RINA PAVAR sonidos electr\u00f3nicos con la mezcla precisa de sensualidad\">\r\n\t\t\t<img loading=\"lazy\" loading=\"lazy\" decoding=\"async\" width=\"420\" height=\"280\" src=\"https:\/\/darknoisemagazine.cl\/wp-content\/uploads\/2025\/07\/RP_artist_pics_1-420x280.jpg\" class=\"featured-img wp-post-image\" alt=\"\" \/>        <\/a>\r\n\t\t        <\/div>\r\n\t<div class=\"p-categories p-top\"><a class=\"p-category category-id-38\" href=\"https:\/\/darknoisemagazine.cl\/index.php\/category\/entrevistas\/\" rel=\"category\">Entrevistas<\/a><\/div><div class=\"spacing\"><\/div>                <\/div>\r\n\t\t\t            <div class=\"p-content\">\r\n\t\t\t\t<h3 class=\"entry-title\">        <a class=\"p-url\" href=\"https:\/\/darknoisemagazine.cl\/index.php\/2025\/07\/15\/rina-pavar-sonidos-electronicos-con-la-mezcla-precisa-de-sensualidad\/\" rel=\"bookmark\">RINA PAVAR sonidos electr\u00f3nicos con la mezcla precisa de sensualidad<\/a><\/h3><p class=\"entry-summary mobile-hide\">RINA PAVAR es el proyecto en solitario de Katja K.. La artista<span>&hellip;<\/span><\/p>\r\n\t\t\t            <div class=\"p-meta\">\r\n\t\t\t\t                <div class=\"meta-inner is-meta\">\r\n\t\t\t\t\t<span class=\"meta-el meta-author\">\r\n\t\t        <a href=\"https:\/\/darknoisemagazine.cl\/index.php\/author\/darknoize\/\">Darknoise<\/a>\r\n\t\t        <\/span>\r\n\t\t<span class=\"meta-el meta-date\">\r\n\t\t            <time class=\"date published\" datetime=\"2025-07-15T14:29:25+00:00\">15 de julio de 2025<\/time>\r\n\t\t        <\/span>\r\n\t\t                <\/div>\r\n\t\t\t\t            <\/div>\r\n\t\t            <\/div>\r\n        <\/div>\r\n\t\t        <\/div>\r\n\t        <div class=\"p-wrap p-grid p-box p-grid-box-1 box-border\" data-pid=\"8932\">\r\n\t        <div class=\"grid-box\">\r\n\t\t\t                <div class=\"feat-holder\">\r\n\t\t\t\t\t        <div class=\"p-featured\">\r\n\t\t\t        <a class=\"p-flink\" href=\"https:\/\/darknoisemagazine.cl\/index.php\/2025\/06\/23\/strange-boutique-regresa-con-un-nuevo-y-cautivador-album-let-the-lonely-heart-sing\/\" title=\"Strange Boutique\u00a0regresa con un nuevo y cautivador \u00e1lbum, \u00abLet the Lonely Heart Sing\u00a0\u00ab.\u00a0\">\r\n\t\t\t<img loading=\"lazy\" loading=\"lazy\" decoding=\"async\" width=\"420\" height=\"280\" src=\"https:\/\/darknoisemagazine.cl\/wp-content\/uploads\/2025\/06\/SB2-Color-1-420x280.jpg\" class=\"featured-img wp-post-image\" alt=\"\" \/>        <\/a>\r\n\t\t        <\/div>\r\n\t<div class=\"p-categories p-top\"><a class=\"p-category category-id-38\" href=\"https:\/\/darknoisemagazine.cl\/index.php\/category\/entrevistas\/\" rel=\"category\">Entrevistas<\/a><\/div><div class=\"spacing\"><\/div>                <\/div>\r\n\t\t\t            <div class=\"p-content\">\r\n\t\t\t\t<h3 class=\"entry-title\">        <a class=\"p-url\" href=\"https:\/\/darknoisemagazine.cl\/index.php\/2025\/06\/23\/strange-boutique-regresa-con-un-nuevo-y-cautivador-album-let-the-lonely-heart-sing\/\" rel=\"bookmark\">Strange Boutique\u00a0regresa con un nuevo y cautivador \u00e1lbum, \u00abLet the Lonely Heart Sing\u00a0\u00ab.\u00a0<\/a><\/h3><p class=\"entry-summary mobile-hide\">Revista Darknoise charlo con la musa Monica Richards quien nos respondi\u00f3 amablemente<span>&hellip;<\/span><\/p>\r\n\t\t\t            <div class=\"p-meta\">\r\n\t\t\t\t                <div class=\"meta-inner is-meta\">\r\n\t\t\t\t\t<span class=\"meta-el meta-author\">\r\n\t\t        <a href=\"https:\/\/darknoisemagazine.cl\/index.php\/author\/darknoize\/\">Darknoise<\/a>\r\n\t\t        <\/span>\r\n\t\t<span class=\"meta-el meta-date\">\r\n\t\t            <time class=\"date published\" datetime=\"2025-06-23T18:25:14+00:00\">23 de junio de 2025<\/time>\r\n\t\t        <\/span>\r\n\t\t                <\/div>\r\n\t\t\t\t            <\/div>\r\n\t\t            <\/div>\r\n        <\/div>\r\n\t\t        <\/div>\r\n\t        <div class=\"p-wrap p-grid p-box p-grid-box-1 box-border\" data-pid=\"8926\">\r\n\t        <div class=\"grid-box\">\r\n\t\t\t                <div class=\"feat-holder\">\r\n\t\t\t\t\t        <div class=\"p-featured\">\r\n\t\t\t        <a class=\"p-flink\" href=\"https:\/\/darknoisemagazine.cl\/index.php\/2025\/06\/23\/left-hand-black-poderosos-ritmos-de-horror-punk-para-nuestros-cerebros\/\" title=\"LEFT HAND BLACK poderosos ritmos de horror punk para nuestros cerebros.\">\r\n\t\t\t<img loading=\"lazy\" loading=\"lazy\" decoding=\"async\" width=\"420\" height=\"280\" src=\"https:\/\/darknoisemagazine.cl\/wp-content\/uploads\/2025\/06\/498536717_1318584160268551_5301639384339649088_n-420x280.jpg\" class=\"featured-img wp-post-image\" alt=\"\" \/>        <\/a>\r\n\t\t        <\/div>\r\n\t<div class=\"p-categories p-top\"><a class=\"p-category category-id-38\" href=\"https:\/\/darknoisemagazine.cl\/index.php\/category\/entrevistas\/\" rel=\"category\">Entrevistas<\/a><\/div><div class=\"spacing\"><\/div>                <\/div>\r\n\t\t\t            <div class=\"p-content\">\r\n\t\t\t\t<h3 class=\"entry-title\">        <a class=\"p-url\" href=\"https:\/\/darknoisemagazine.cl\/index.php\/2025\/06\/23\/left-hand-black-poderosos-ritmos-de-horror-punk-para-nuestros-cerebros\/\" rel=\"bookmark\">LEFT HAND BLACK poderosos ritmos de horror punk para nuestros cerebros.<\/a><\/h3><p class=\"entry-summary mobile-hide\">Left Hand Black es una banda de horror punk formada en 2019<span>&hellip;<\/span><\/p>\r\n\t\t\t            <div class=\"p-meta\">\r\n\t\t\t\t                <div class=\"meta-inner is-meta\">\r\n\t\t\t\t\t<span class=\"meta-el meta-author\">\r\n\t\t        <a href=\"https:\/\/darknoisemagazine.cl\/index.php\/author\/darknoize\/\">Darknoise<\/a>\r\n\t\t        <\/span>\r\n\t\t<span class=\"meta-el meta-date\">\r\n\t\t            <time class=\"date published\" datetime=\"2025-06-23T15:11:03+00:00\">23 de junio de 2025<\/time>\r\n\t\t        <\/span>\r\n\t\t                <\/div>\r\n\t\t\t\t            <\/div>\r\n\t\t            <\/div>\r\n        <\/div>\r\n\t\t        <\/div>\r\n\t        <div class=\"p-wrap p-grid p-box p-grid-box-1 box-border\" data-pid=\"8921\">\r\n\t        <div class=\"grid-box\">\r\n\t\t\t                <div class=\"feat-holder\">\r\n\t\t\t\t\t        <div class=\"p-featured\">\r\n\t\t\t        <a class=\"p-flink\" href=\"https:\/\/darknoisemagazine.cl\/index.php\/2025\/06\/23\/the-light-una-nueva-luz-en-el-horizonte\/\" title=\"THE LIGHT  una nueva luz en el horizonte&#8230;\">\r\n\t\t\t<img loading=\"lazy\" loading=\"lazy\" decoding=\"async\" width=\"420\" height=\"280\" src=\"https:\/\/darknoisemagazine.cl\/wp-content\/uploads\/2025\/06\/493363984_1179637937509168_3565727592995618160_n-420x280.jpg\" class=\"featured-img wp-post-image\" alt=\"\" \/>        <\/a>\r\n\t\t        <\/div>\r\n\t<div class=\"p-categories p-top\"><a class=\"p-category category-id-38\" href=\"https:\/\/darknoisemagazine.cl\/index.php\/category\/entrevistas\/\" rel=\"category\">Entrevistas<\/a><\/div><div class=\"spacing\"><\/div>                <\/div>\r\n\t\t\t            <div class=\"p-content\">\r\n\t\t\t\t<h3 class=\"entry-title\">        <a class=\"p-url\" href=\"https:\/\/darknoisemagazine.cl\/index.php\/2025\/06\/23\/the-light-una-nueva-luz-en-el-horizonte\/\" rel=\"bookmark\">THE LIGHT  una nueva luz en el horizonte&#8230;<\/a><\/h3><p class=\"entry-summary mobile-hide\">Nos complace en prenentarle una entrevista a la banda de rock alemana<span>&hellip;<\/span><\/p>\r\n\t\t\t            <div class=\"p-meta\">\r\n\t\t\t\t                <div class=\"meta-inner is-meta\">\r\n\t\t\t\t\t<span class=\"meta-el meta-author\">\r\n\t\t        <a href=\"https:\/\/darknoisemagazine.cl\/index.php\/author\/darknoize\/\">Darknoise<\/a>\r\n\t\t        <\/span>\r\n\t\t<span class=\"meta-el meta-date\">\r\n\t\t            <time class=\"date published\" datetime=\"2025-06-23T02:35:20+00:00\">23 de junio de 2025<\/time>\r\n\t\t        <\/span>\r\n\t\t                <\/div>\r\n\t\t\t\t            <\/div>\r\n\t\t            <\/div>\r\n        <\/div>\r\n\t\t        <\/div>\r\n\t        <div class=\"p-wrap p-grid p-box p-grid-box-1 box-border\" data-pid=\"8909\">\r\n\t        <div class=\"grid-box\">\r\n\t\t\t                <div class=\"feat-holder\">\r\n\t\t\t\t\t        <div class=\"p-featured\">\r\n\t\t\t        <a class=\"p-flink\" href=\"https:\/\/darknoisemagazine.cl\/index.php\/2025\/06\/10\/thin-eater-sonidos-de-la-oscuridad-desde-gotemburgo-suecia\/\" title=\"THIN EATER sonidos de la oscuridad desde Gotemburgo suecia&#8230;\">\r\n\t\t\t<img loading=\"lazy\" loading=\"lazy\" decoding=\"async\" width=\"420\" height=\"280\" src=\"https:\/\/darknoisemagazine.cl\/wp-content\/uploads\/2025\/06\/Thin_Eater_Press_2025_2-420x280.jpg\" class=\"featured-img wp-post-image\" alt=\"\" \/>        <\/a>\r\n\t\t        <\/div>\r\n\t<div class=\"p-categories p-top\"><a class=\"p-category category-id-38\" href=\"https:\/\/darknoisemagazine.cl\/index.php\/category\/entrevistas\/\" rel=\"category\">Entrevistas<\/a><\/div><div class=\"spacing\"><\/div>                <\/div>\r\n\t\t\t            <div class=\"p-content\">\r\n\t\t\t\t<h3 class=\"entry-title\">        <a class=\"p-url\" href=\"https:\/\/darknoisemagazine.cl\/index.php\/2025\/06\/10\/thin-eater-sonidos-de-la-oscuridad-desde-gotemburgo-suecia\/\" rel=\"bookmark\">THIN EATER sonidos de la oscuridad desde Gotemburgo suecia&#8230;<\/a><\/h3><p class=\"entry-summary mobile-hide\">Thin Eater es un duo nacido en Gotemburgo (Suecia) en 2022, fusionando<span>&hellip;<\/span><\/p>\r\n\t\t\t            <div class=\"p-meta\">\r\n\t\t\t\t                <div class=\"meta-inner is-meta\">\r\n\t\t\t\t\t<span class=\"meta-el meta-author\">\r\n\t\t        <a href=\"https:\/\/darknoisemagazine.cl\/index.php\/author\/darknoize\/\">Darknoise<\/a>\r\n\t\t        <\/span>\r\n\t\t<span class=\"meta-el meta-date\">\r\n\t\t            <time class=\"date published\" datetime=\"2025-06-10T02:24:33+00:00\">10 de junio de 2025<\/time>\r\n\t\t        <\/span>\r\n\t\t                <\/div>\r\n\t\t\t\t            <\/div>\r\n\t\t            <\/div>\r\n        <\/div>\r\n\t\t        <\/div>\r\n\t<\/div>        <div class=\"pagination-wrap pagination-loadmore\">\r\n            <a href=\"#\" class=\"loadmore-trigger\"><span>Show More<\/span><i class=\"rb-loader\"><\/i><\/a>\r\n        <\/div>\r\n\t\t<\/div>\t\t\t\t<\/div>\n\t\t\t\t<\/div>\n\t\t\t\t\t<\/div>\n\t\t<\/div>\n\t\t\t\t\t<\/div>\n\t\t<\/section>\n\t\t\t\t<\/div>\n\t\t","protected":false},"excerpt":{"rendered":"<p>Todas las Entrevistas edit Entrevistas OPONENTE &#8211; Thrash con mucha proyecci\u00f3n&#8230; Las Influencias de la banda en general es el Thrash, Heavy, Death y Black metal, pasando todo por una juguera tratando de crear algo nuevo dentro del movimiento. tocamos un&hellip; darknoise 6 de septiembre de 2022 Minutos de Lectura edit Entrevistas VIOFLESH &#8211; El [&hellip;]<\/p>\n","protected":false},"author":1,"featured_media":0,"parent":0,"menu_order":0,"comment_status":"closed","ping_status":"closed","template":"","meta":{"_eb_attr":"","footnotes":""},"class_list":["post-2826","page","type-page","status-publish"],"_links":{"self":[{"href":"https:\/\/darknoisemagazine.cl\/index.php\/wp-json\/wp\/v2\/pages\/2826","targetHints":{"allow":["GET"]}}],"collection":[{"href":"https:\/\/darknoisemagazine.cl\/index.php\/wp-json\/wp\/v2\/pages"}],"about":[{"href":"https:\/\/darknoisemagazine.cl\/index.php\/wp-json\/wp\/v2\/types\/page"}],"author":[{"embeddable":true,"href":"https:\/\/darknoisemagazine.cl\/index.php\/wp-json\/wp\/v2\/users\/1"}],"replies":[{"embeddable":true,"href":"https:\/\/darknoisemagazine.cl\/index.php\/wp-json\/wp\/v2\/comments?post=2826"}],"version-history":[{"count":10,"href":"https:\/\/darknoisemagazine.cl\/index.php\/wp-json\/wp\/v2\/pages\/2826\/revisions"}],"predecessor-version":[{"id":3085,"href":"https:\/\/darknoisemagazine.cl\/index.php\/wp-json\/wp\/v2\/pages\/2826\/revisions\/3085"}],"wp:attachment":[{"href":"https:\/\/darknoisemagazine.cl\/index.php\/wp-json\/wp\/v2\/media?parent=2826"}],"curies":[{"name":"wp","href":"https:\/\/api.w.org\/{rel}","templated":true}]}}