{"id":2851,"date":"2022-09-05T20:02:37","date_gmt":"2022-09-05T20:02:37","guid":{"rendered":"https:\/\/darknoisemagazine.cl\/?page_id=2851"},"modified":"2022-09-07T03:29:48","modified_gmt":"2022-09-07T03:29:48","slug":"reviews","status":"publish","type":"page","link":"https:\/\/darknoisemagazine.cl\/index.php\/reviews\/","title":{"rendered":"reviews"},"content":{"rendered":"\t\t<div data-elementor-type=\"wp-page\" data-elementor-id=\"2851\" class=\"elementor elementor-2851\">\n\t\t\t\t\t\t<section class=\"elementor-section elementor-top-section elementor-element elementor-element-08c5f85 elementor-section-boxed elementor-section-height-default elementor-section-height-default\" data-id=\"08c5f85\" data-element_type=\"section\">\n\t\t\t\t\t\t<div class=\"elementor-container elementor-column-gap-default\">\n\t\t\t\t\t<div class=\"elementor-column elementor-col-100 elementor-top-column elementor-element elementor-element-3e26029\" data-id=\"3e26029\" data-element_type=\"column\">\n\t\t\t<div class=\"elementor-widget-wrap elementor-element-populated\">\n\t\t\t\t\t\t<div class=\"elementor-element elementor-element-e215080 elementor-widget elementor-widget-foxiz-heading\" data-id=\"e215080\" data-element_type=\"widget\" data-widget_type=\"foxiz-heading.default\">\n\t\t\t\t<div class=\"elementor-widget-container\">\n\t\t\t\t\t<div id=\"uid_e215080\" class=\"block-h heading-layout-2\"><div class=\"heading-inner\"><h2 class=\"heading-title\"><span>Todas las Reviews<\/span><\/h2><\/div><\/div>\t\t\t\t<\/div>\n\t\t\t\t<\/div>\n\t\t\t\t\t<\/div>\n\t\t<\/div>\n\t\t\t\t\t<\/div>\n\t\t<\/section>\n\t\t\t\t<section class=\"elementor-section elementor-top-section elementor-element elementor-element-89b583a elementor-section-boxed elementor-section-height-default elementor-section-height-default\" data-id=\"89b583a\" data-element_type=\"section\">\n\t\t\t\t\t\t<div class=\"elementor-container elementor-column-gap-default\">\n\t\t\t\t\t<div class=\"elementor-column elementor-col-100 elementor-top-column elementor-element elementor-element-ef5a2d7\" data-id=\"ef5a2d7\" data-element_type=\"column\">\n\t\t\t<div class=\"elementor-widget-wrap elementor-element-populated\">\n\t\t\t\t\t\t<div class=\"elementor-element elementor-element-7ad7905 elementor-widget elementor-widget-foxiz-list-box-2\" data-id=\"7ad7905\" data-element_type=\"widget\" data-widget_type=\"foxiz-list-box-2.default\">\n\t\t\t\t<div class=\"elementor-widget-container\">\n\t\t\t\t\t<div id=\"uid_7ad7905\" class=\"block-wrap block-big block-list block-list-box-2 rb-columns rb-col-1 light-scheme hovering-scale ecat-bg-1 ecat-size-big featured-left\"><div class=\"block-inner\">        <div class=\"p-wrap p-list p-list-2 p-list-box-2 box-bg\" data-pid=\"8917\">\r\n\t        <div class=\"list-box\">\r\n            <div class=\"list-holder\">\r\n                <div class=\"list-feat-holder\">\r\n                    <div class=\"feat-holder\">\r\n\t\t\t\t\t\t        <div class=\"p-featured\">\r\n\t\t\t        <a class=\"p-flink\" href=\"https:\/\/darknoisemagazine.cl\/index.php\/2025\/06\/16\/contando-los-dias-para-ver-nuevamente-a-possessed-en-chile\/\" title=\"Contando los dias para ver nuevamente a POSSESSED en Chile.\">\r\n\t\t\t<img loading=\"lazy\" loading=\"lazy\" decoding=\"async\" width=\"860\" height=\"482\" src=\"https:\/\/darknoisemagazine.cl\/wp-content\/uploads\/2025\/06\/Possessed-1-1024x574-1-860x482.webp\" class=\"featured-img wp-post-image\" alt=\"\" \/>        <\/a>\r\n\t\t        <\/div>\r\n\t                    <\/div>\r\n                <\/div>\r\n                <div class=\"p-content\">\r\n\t\t\t\t\t<div class=\"p-categories p-top\"><a class=\"p-category category-id-37\" href=\"https:\/\/darknoisemagazine.cl\/index.php\/category\/reviews\/\" rel=\"category\">Reviews<\/a><\/div><h1 class=\"entry-title\">        <a class=\"p-url\" href=\"https:\/\/darknoisemagazine.cl\/index.php\/2025\/06\/16\/contando-los-dias-para-ver-nuevamente-a-possessed-en-chile\/\" rel=\"bookmark\">Contando los dias para ver nuevamente a POSSESSED en Chile.<\/a><\/h1><p class=\"entry-summary\">A\u00fan recuerdo aquella vez que vi a Possessed en la c\u00fapula del parque Ohiggins hace varios a\u00f1os ya, recuerdoque esa vez fue especial ya que Jeff recientemente hab\u00eda reformado la<span>&hellip;<\/span><\/p>\r\n\t\t\t            <div class=\"p-meta\">\r\n\t\t\t\t                <div class=\"meta-inner is-meta\">\r\n\t\t\t\t\t<span class=\"meta-el meta-author\">\r\n\t\t        <a href=\"https:\/\/darknoisemagazine.cl\/index.php\/author\/darknoize\/\">Darknoise<\/a>\r\n\t\t        <\/span>\r\n\t\t<span class=\"meta-el meta-date\">\r\n\t\t            <time class=\"date published\" datetime=\"2025-06-16T22:33:12+00:00\">16 de junio de 2025<\/time>\r\n\t\t        <\/span>\r\n\t\t                <\/div>\r\n\t\t\t\t            <\/div>\r\n\t\t                <\/div>\r\n            <\/div>\r\n        <\/div>\r\n\t\t        <\/div>\r\n\t<\/div><\/div>\t\t\t\t<\/div>\n\t\t\t\t<\/div>\n\t\t\t\t\t<\/div>\n\t\t<\/div>\n\t\t\t\t\t<\/div>\n\t\t<\/section>\n\t\t\t\t<section class=\"elementor-section elementor-top-section elementor-element elementor-element-a39fa44 elementor-section-boxed elementor-section-height-default elementor-section-height-default\" data-id=\"a39fa44\" data-element_type=\"section\">\n\t\t\t\t\t\t<div class=\"elementor-container elementor-column-gap-default\">\n\t\t\t\t\t<div class=\"elementor-column elementor-col-100 elementor-top-column elementor-element elementor-element-0194948\" data-id=\"0194948\" data-element_type=\"column\">\n\t\t\t<div class=\"elementor-widget-wrap elementor-element-populated\">\n\t\t\t\t\t\t<div class=\"elementor-element elementor-element-c35cafb elementor-widget elementor-widget-foxiz-grid-box-1\" data-id=\"c35cafb\" data-element_type=\"widget\" data-widget_type=\"foxiz-grid-box-1.default\">\n\t\t\t\t<div class=\"elementor-widget-container\">\n\t\t\t\t\t<div id=\"uid_c35cafb\" class=\"block-wrap block-grid block-grid-box-1 rb-columns rb-col-2 rb-tcol-3 rb-mcol-1 is-gap-10 ecat-bg-1 ecat-size-big\"><div class=\"block-inner\">        <div class=\"p-wrap p-grid p-box p-grid-box-1 box-border\" data-pid=\"8269\">\r\n\t        <div class=\"grid-box\">\r\n\t\t\t                <div class=\"feat-holder\">\r\n\t\t\t\t\t        <div class=\"p-featured\">\r\n\t\t\t        <a class=\"p-flink\" href=\"https:\/\/darknoisemagazine.cl\/index.php\/2025\/01\/03\/al-namrood-black-metal-origilal-blasfemo-y-con-influencias-arabes\/\" title=\"Al-Namrood &#8211; Black metal origilal ,blasfemo y con influencias \u00e1rabes!!!\">\r\n\t\t\t<img loading=\"lazy\" loading=\"lazy\" decoding=\"async\" width=\"420\" height=\"280\" src=\"https:\/\/darknoisemagazine.cl\/wp-content\/uploads\/2025\/01\/wdewd-420x280.jpg\" class=\"featured-img wp-post-image\" alt=\"\" \/>        <\/a>\r\n\t\t        <\/div>\r\n\t<div class=\"p-categories p-top\"><a class=\"p-category category-id-37\" href=\"https:\/\/darknoisemagazine.cl\/index.php\/category\/reviews\/\" rel=\"category\">Reviews<\/a><\/div><div class=\"spacing\"><\/div>                <\/div>\r\n\t\t\t            <div class=\"p-content\">\r\n\t\t\t\t<h3 class=\"entry-title\">        <a class=\"p-url\" href=\"https:\/\/darknoisemagazine.cl\/index.php\/2025\/01\/03\/al-namrood-black-metal-origilal-blasfemo-y-con-influencias-arabes\/\" rel=\"bookmark\">Al-Namrood &#8211; Black metal origilal ,blasfemo y con influencias \u00e1rabes!!!<\/a><\/h3><p class=\"entry-summary mobile-hide\">Si hablamos de bandas true cultivadoras del blasfemo Black metal ''Al-Namrood'' es<span>&hellip;<\/span><\/p>\r\n\t\t\t            <div class=\"p-meta\">\r\n\t\t\t\t                <div class=\"meta-inner is-meta\">\r\n\t\t\t\t\t<span class=\"meta-el meta-author\">\r\n\t\t        <a href=\"https:\/\/darknoisemagazine.cl\/index.php\/author\/darknoize\/\">Darknoise<\/a>\r\n\t\t        <\/span>\r\n\t\t<span class=\"meta-el meta-date\">\r\n\t\t            <time class=\"date published\" datetime=\"2025-01-03T19:12:12+00:00\">3 de enero de 2025<\/time>\r\n\t\t        <\/span>\r\n\t\t                <\/div>\r\n\t\t\t\t            <\/div>\r\n\t\t            <\/div>\r\n        <\/div>\r\n\t\t        <\/div>\r\n\t        <div class=\"p-wrap p-grid p-box p-grid-box-1 box-border\" data-pid=\"7972\">\r\n\t        <div class=\"grid-box\">\r\n\t\t\t                <div class=\"feat-holder\">\r\n\t\t\t\t\t        <div class=\"p-featured\">\r\n\t\t\t        <a class=\"p-flink\" href=\"https:\/\/darknoisemagazine.cl\/index.php\/2024\/06\/03\/deafcon-5-exit-to-insight\/\" title=\"DEAFCON  5 &#8211; Exit to Insight\">\r\n\t\t\t<img loading=\"lazy\" loading=\"lazy\" decoding=\"async\" width=\"295\" height=\"280\" src=\"https:\/\/darknoisemagazine.cl\/wp-content\/uploads\/2024\/06\/exit-to-insight-376565095-295x300-1-295x280.webp\" class=\"featured-img wp-post-image\" alt=\"\" \/>        <\/a>\r\n\t\t        <\/div>\r\n\t<div class=\"p-categories p-top\"><a class=\"p-category category-id-37\" href=\"https:\/\/darknoisemagazine.cl\/index.php\/category\/reviews\/\" rel=\"category\">Reviews<\/a><\/div><div class=\"spacing\"><\/div>                <\/div>\r\n\t\t\t            <div class=\"p-content\">\r\n\t\t\t\t<h3 class=\"entry-title\">        <a class=\"p-url\" href=\"https:\/\/darknoisemagazine.cl\/index.php\/2024\/06\/03\/deafcon-5-exit-to-insight\/\" rel=\"bookmark\">DEAFCON  5 &#8211; Exit to Insight<\/a><\/h3><p class=\"entry-summary mobile-hide\">(Fastball Music\/Bob-Media) 2024. De Hamburgo, Alemania, surge la banda Deafcon5, formada por<span>&hellip;<\/span><\/p>\r\n\t\t\t            <div class=\"p-meta\">\r\n\t\t\t\t                <div class=\"meta-inner is-meta\">\r\n\t\t\t\t\t<span class=\"meta-el meta-author\">\r\n\t\t        <a href=\"https:\/\/darknoisemagazine.cl\/index.php\/author\/darknoize\/\">Darknoise<\/a>\r\n\t\t        <\/span>\r\n\t\t<span class=\"meta-el meta-date\">\r\n\t\t            <time class=\"date published\" datetime=\"2024-06-03T15:43:51+00:00\">3 de junio de 2024<\/time>\r\n\t\t        <\/span>\r\n\t\t                <\/div>\r\n\t\t\t\t            <\/div>\r\n\t\t            <\/div>\r\n        <\/div>\r\n\t\t        <\/div>\r\n\t        <div class=\"p-wrap p-grid p-box p-grid-box-1 box-border\" data-pid=\"7698\">\r\n\t        <div class=\"grid-box\">\r\n\t\t\t                <div class=\"feat-holder\">\r\n\t\t\t\t\t        <div class=\"p-featured\">\r\n\t\t\t        <a class=\"p-flink\" href=\"https:\/\/darknoisemagazine.cl\/index.php\/2024\/05\/09\/kerry-king-from-hell-i-rise\/\" title=\"KERRY KING &#8211; From Hell I Rise\">\r\n\t\t\t<img loading=\"lazy\" loading=\"lazy\" decoding=\"async\" width=\"420\" height=\"280\" src=\"https:\/\/darknoisemagazine.cl\/wp-content\/uploads\/2024\/05\/4262464730091-82eecc0a2e9dc2319117138154150566-1024-1024-420x280.webp\" class=\"featured-img wp-post-image\" alt=\"\" \/>        <\/a>\r\n\t\t        <\/div>\r\n\t<div class=\"p-categories p-top\"><a class=\"p-category category-id-37\" href=\"https:\/\/darknoisemagazine.cl\/index.php\/category\/reviews\/\" rel=\"category\">Reviews<\/a><\/div><div class=\"spacing\"><\/div>                <\/div>\r\n\t\t\t            <div class=\"p-content\">\r\n\t\t\t\t<h3 class=\"entry-title\">        <a class=\"p-url\" href=\"https:\/\/darknoisemagazine.cl\/index.php\/2024\/05\/09\/kerry-king-from-hell-i-rise\/\" rel=\"bookmark\">KERRY KING &#8211; From Hell I Rise<\/a><\/h3><p class=\"entry-summary mobile-hide\">La primera incursi\u00f3n de Kerry King en el mundo como solista es<span>&hellip;<\/span><\/p>\r\n\t\t\t            <div class=\"p-meta\">\r\n\t\t\t\t                <div class=\"meta-inner is-meta\">\r\n\t\t\t\t\t<span class=\"meta-el meta-author\">\r\n\t\t        <a href=\"https:\/\/darknoisemagazine.cl\/index.php\/author\/darknoize\/\">Darknoise<\/a>\r\n\t\t        <\/span>\r\n\t\t<span class=\"meta-el meta-date\">\r\n\t\t            <time class=\"date published\" datetime=\"2024-05-09T16:18:14+00:00\">9 de mayo de 2024<\/time>\r\n\t\t        <\/span>\r\n\t\t                <\/div>\r\n\t\t\t\t            <\/div>\r\n\t\t            <\/div>\r\n        <\/div>\r\n\t\t        <\/div>\r\n\t        <div class=\"p-wrap p-grid p-box p-grid-box-1 box-border\" data-pid=\"7369\">\r\n\t        <div class=\"grid-box\">\r\n\t\t\t                <div class=\"feat-holder\">\r\n\t\t\t\t\t        <div class=\"p-featured\">\r\n\t\t\t        <a class=\"p-flink\" href=\"https:\/\/darknoisemagazine.cl\/index.php\/2024\/04\/09\/atrophy-asylum\/\" title=\"ATROPHY &#8211; Asylum\">\r\n\t\t\t<img loading=\"lazy\" loading=\"lazy\" decoding=\"async\" width=\"420\" height=\"280\" src=\"https:\/\/darknoisemagazine.cl\/wp-content\/uploads\/2024\/04\/ATROPHY_asylum_CD-420x280.webp\" class=\"featured-img wp-post-image\" alt=\"\" \/>        <\/a>\r\n\t\t        <\/div>\r\n\t<div class=\"p-categories p-top\"><a class=\"p-category category-id-37\" href=\"https:\/\/darknoisemagazine.cl\/index.php\/category\/reviews\/\" rel=\"category\">Reviews<\/a><\/div><div class=\"spacing\"><\/div>                <\/div>\r\n\t\t\t            <div class=\"p-content\">\r\n\t\t\t\t<h3 class=\"entry-title\">        <a class=\"p-url\" href=\"https:\/\/darknoisemagazine.cl\/index.php\/2024\/04\/09\/atrophy-asylum\/\" rel=\"bookmark\">ATROPHY &#8211; Asylum<\/a><\/h3><p class=\"entry-summary mobile-hide\">Tras 34 a\u00f1os sin lanzar nuevo material de estudio, la cl\u00e1sica banda<span>&hellip;<\/span><\/p>\r\n\t\t\t            <div class=\"p-meta\">\r\n\t\t\t\t                <div class=\"meta-inner is-meta\">\r\n\t\t\t\t\t<span class=\"meta-el meta-author\">\r\n\t\t        <a href=\"https:\/\/darknoisemagazine.cl\/index.php\/author\/darknoize\/\">Darknoise<\/a>\r\n\t\t        <\/span>\r\n\t\t<span class=\"meta-el meta-date\">\r\n\t\t            <time class=\"date published\" datetime=\"2024-04-09T02:07:32+00:00\">9 de abril de 2024<\/time>\r\n\t\t        <\/span>\r\n\t\t                <\/div>\r\n\t\t\t\t            <\/div>\r\n\t\t            <\/div>\r\n        <\/div>\r\n\t\t        <\/div>\r\n\t        <div class=\"p-wrap p-grid p-box p-grid-box-1 box-border\" data-pid=\"7366\">\r\n\t        <div class=\"grid-box\">\r\n\t\t\t                <div class=\"feat-holder\">\r\n\t\t\t\t\t        <div class=\"p-featured\">\r\n\t\t\t        <a class=\"p-flink\" href=\"https:\/\/darknoisemagazine.cl\/index.php\/2024\/04\/09\/vltimas-epic\/\" title=\"VLTIMAS &#8211; Epic\">\r\n\t\t\t<img loading=\"lazy\" loading=\"lazy\" decoding=\"async\" width=\"420\" height=\"280\" src=\"https:\/\/darknoisemagazine.cl\/wp-content\/uploads\/2024\/04\/VLTIMAS-EPIC-420x280.webp\" class=\"featured-img wp-post-image\" alt=\"\" \/>        <\/a>\r\n\t\t        <\/div>\r\n\t<div class=\"p-categories p-top\"><a class=\"p-category category-id-37\" href=\"https:\/\/darknoisemagazine.cl\/index.php\/category\/reviews\/\" rel=\"category\">Reviews<\/a><\/div><div class=\"spacing\"><\/div>                <\/div>\r\n\t\t\t            <div class=\"p-content\">\r\n\t\t\t\t<h3 class=\"entry-title\">        <a class=\"p-url\" href=\"https:\/\/darknoisemagazine.cl\/index.php\/2024\/04\/09\/vltimas-epic\/\" rel=\"bookmark\">VLTIMAS &#8211; Epic<\/a><\/h3><p class=\"entry-summary mobile-hide\">VLTIMAS es el nombre de una banda multinacional de Metal extremo formada<span>&hellip;<\/span><\/p>\r\n\t\t\t            <div class=\"p-meta\">\r\n\t\t\t\t                <div class=\"meta-inner is-meta\">\r\n\t\t\t\t\t<span class=\"meta-el meta-author\">\r\n\t\t        <a href=\"https:\/\/darknoisemagazine.cl\/index.php\/author\/darknoize\/\">Darknoise<\/a>\r\n\t\t        <\/span>\r\n\t\t<span class=\"meta-el meta-date\">\r\n\t\t            <time class=\"date published\" datetime=\"2024-04-09T02:03:15+00:00\">9 de abril de 2024<\/time>\r\n\t\t        <\/span>\r\n\t\t                <\/div>\r\n\t\t\t\t            <\/div>\r\n\t\t            <\/div>\r\n        <\/div>\r\n\t\t        <\/div>\r\n\t        <div class=\"p-wrap p-grid p-box p-grid-box-1 box-border\" data-pid=\"7311\">\r\n\t        <div class=\"grid-box\">\r\n\t\t\t                <div class=\"feat-holder\">\r\n\t\t\t\t\t        <div class=\"p-featured\">\r\n\t\t\t        <a class=\"p-flink\" href=\"https:\/\/darknoisemagazine.cl\/index.php\/2024\/03\/30\/sadus-el-disco-the-shadow-inside\/\" title=\"SADUS: el disco \u00abThe Shadow Inside\u00bb\">\r\n\t\t\t<img loading=\"lazy\" loading=\"lazy\" decoding=\"async\" width=\"420\" height=\"280\" src=\"https:\/\/darknoisemagazine.cl\/wp-content\/uploads\/2024\/03\/sadus-the-shadow-inside-696x696-1-420x280.jpg\" class=\"featured-img wp-post-image\" alt=\"\" \/>        <\/a>\r\n\t\t        <\/div>\r\n\t<div class=\"p-categories p-top\"><a class=\"p-category category-id-37\" href=\"https:\/\/darknoisemagazine.cl\/index.php\/category\/reviews\/\" rel=\"category\">Reviews<\/a><\/div><div class=\"spacing\"><\/div>                <\/div>\r\n\t\t\t            <div class=\"p-content\">\r\n\t\t\t\t<h3 class=\"entry-title\">        <a class=\"p-url\" href=\"https:\/\/darknoisemagazine.cl\/index.php\/2024\/03\/30\/sadus-el-disco-the-shadow-inside\/\" rel=\"bookmark\">SADUS: el disco \u00abThe Shadow Inside\u00bb<\/a><\/h3><p class=\"entry-summary mobile-hide\">El grupo sigue adelante con dos componentes originales La banda de Thrash<span>&hellip;<\/span><\/p>\r\n\t\t\t            <div class=\"p-meta\">\r\n\t\t\t\t                <div class=\"meta-inner is-meta\">\r\n\t\t\t\t\t<span class=\"meta-el meta-author\">\r\n\t\t        <a href=\"https:\/\/darknoisemagazine.cl\/index.php\/author\/darknoize\/\">Darknoise<\/a>\r\n\t\t        <\/span>\r\n\t\t<span class=\"meta-el meta-date\">\r\n\t\t            <time class=\"date published\" datetime=\"2024-03-30T05:07:31+00:00\">30 de marzo de 2024<\/time>\r\n\t\t        <\/span>\r\n\t\t                <\/div>\r\n\t\t\t\t            <\/div>\r\n\t\t            <\/div>\r\n        <\/div>\r\n\t\t        <\/div>\r\n\t        <div class=\"p-wrap p-grid p-box p-grid-box-1 box-border\" data-pid=\"7017\">\r\n\t        <div class=\"grid-box\">\r\n\t\t\t                <div class=\"feat-holder\">\r\n\t\t\t\t\t        <div class=\"p-featured\">\r\n\t\t\t        <a class=\"p-flink\" href=\"https:\/\/darknoisemagazine.cl\/index.php\/2024\/03\/06\/ataraxia-centaurea\/\" title=\"ATARAXIA  &#8211;  Centaurea\">\r\n\t\t\t<img loading=\"lazy\" loading=\"lazy\" decoding=\"async\" width=\"420\" height=\"280\" src=\"https:\/\/darknoisemagazine.cl\/wp-content\/uploads\/2024\/03\/ATARAXIA_CENTAUREA_COVER_HD-420x280.jpg\" class=\"featured-img wp-post-image\" alt=\"\" \/>        <\/a>\r\n\t\t        <\/div>\r\n\t<div class=\"p-categories p-top\"><a class=\"p-category category-id-37\" href=\"https:\/\/darknoisemagazine.cl\/index.php\/category\/reviews\/\" rel=\"category\">Reviews<\/a><\/div><div class=\"spacing\"><\/div>                <\/div>\r\n\t\t\t            <div class=\"p-content\">\r\n\t\t\t\t<h3 class=\"entry-title\">        <a class=\"p-url\" href=\"https:\/\/darknoisemagazine.cl\/index.php\/2024\/03\/06\/ataraxia-centaurea\/\" rel=\"bookmark\">ATARAXIA  &#8211;  Centaurea<\/a><\/h3><p class=\"entry-summary mobile-hide\">The Circle Music 22 Mayo 2024. La gaita que da comienzo a\u00a0este<span>&hellip;<\/span><\/p>\r\n\t\t\t            <div class=\"p-meta\">\r\n\t\t\t\t                <div class=\"meta-inner is-meta\">\r\n\t\t\t\t\t<span class=\"meta-el meta-author\">\r\n\t\t        <a href=\"https:\/\/darknoisemagazine.cl\/index.php\/author\/darknoize\/\">Darknoise<\/a>\r\n\t\t        <\/span>\r\n\t\t<span class=\"meta-el meta-date\">\r\n\t\t            <time class=\"date published\" datetime=\"2024-03-06T01:47:03+00:00\">6 de marzo de 2024<\/time>\r\n\t\t        <\/span>\r\n\t\t                <\/div>\r\n\t\t\t\t            <\/div>\r\n\t\t            <\/div>\r\n        <\/div>\r\n\t\t        <\/div>\r\n\t        <div class=\"p-wrap p-grid p-box p-grid-box-1 box-border\" data-pid=\"7005\">\r\n\t        <div class=\"grid-box\">\r\n\t\t\t                <div class=\"feat-holder\">\r\n\t\t\t\t\t        <div class=\"p-featured\">\r\n\t\t\t        <a class=\"p-flink\" href=\"https:\/\/darknoisemagazine.cl\/index.php\/2024\/02\/26\/borknagar-fall\/\" title=\"BORKNAGAR &#8211; \u00abFall\u00bb\">\r\n\t\t\t<img loading=\"lazy\" loading=\"lazy\" decoding=\"async\" width=\"420\" height=\"280\" src=\"https:\/\/darknoisemagazine.cl\/wp-content\/uploads\/2024\/02\/cover-borknagar-fall-420x280.jpg\" class=\"featured-img wp-post-image\" alt=\"\" \/>        <\/a>\r\n\t\t        <\/div>\r\n\t<div class=\"p-categories p-top\"><a class=\"p-category category-id-37\" href=\"https:\/\/darknoisemagazine.cl\/index.php\/category\/reviews\/\" rel=\"category\">Reviews<\/a><\/div><div class=\"spacing\"><\/div>                <\/div>\r\n\t\t\t            <div class=\"p-content\">\r\n\t\t\t\t<h3 class=\"entry-title\">        <a class=\"p-url\" href=\"https:\/\/darknoisemagazine.cl\/index.php\/2024\/02\/26\/borknagar-fall\/\" rel=\"bookmark\">BORKNAGAR &#8211; \u00abFall\u00bb<\/a><\/h3><p class=\"entry-summary mobile-hide\">El invierno a\u00fan no ha terminado cuando Borknagar, el patr\u00f3n noruego de<span>&hellip;<\/span><\/p>\r\n\t\t\t            <div class=\"p-meta\">\r\n\t\t\t\t                <div class=\"meta-inner is-meta\">\r\n\t\t\t\t\t<span class=\"meta-el meta-author\">\r\n\t\t        <a href=\"https:\/\/darknoisemagazine.cl\/index.php\/author\/darknoize\/\">Darknoise<\/a>\r\n\t\t        <\/span>\r\n\t\t<span class=\"meta-el meta-date\">\r\n\t\t            <time class=\"date published\" datetime=\"2024-02-26T20:54:37+00:00\">26 de febrero de 2024<\/time>\r\n\t\t        <\/span>\r\n\t\t                <\/div>\r\n\t\t\t\t            <\/div>\r\n\t\t            <\/div>\r\n        <\/div>\r\n\t\t        <\/div>\r\n\t<\/div>        <div class=\"pagination-wrap pagination-loadmore\">\r\n            <a href=\"#\" class=\"loadmore-trigger\"><span>Show More<\/span><i class=\"rb-loader\"><\/i><\/a>\r\n        <\/div>\r\n\t\t<\/div>\t\t\t\t<\/div>\n\t\t\t\t<\/div>\n\t\t\t\t\t<\/div>\n\t\t<\/div>\n\t\t\t\t\t<\/div>\n\t\t<\/section>\n\t\t\t\t<\/div>\n\t\t","protected":false},"excerpt":{"rendered":"<p>Todas las Reviews edit Reviews BELPHEGOR &#8211; Una nueva propuesta \u00abCreo que BELPHEGOR nunca se hab\u00eda pasado un lustro sin editar disco nuevo. La espera, que tambi\u00e9n ha tenido que ver con la pandemia y los nuevos tiempos de producci\u00f3n,&hellip; darknoise 3 de septiembre de 2022 edit Reviews ARCH ENEMY &#8211; Deceivers Hagamos un poco [&hellip;]<\/p>\n","protected":false},"author":1,"featured_media":0,"parent":0,"menu_order":0,"comment_status":"closed","ping_status":"closed","template":"","meta":{"_eb_attr":"","footnotes":""},"class_list":["post-2851","page","type-page","status-publish"],"_links":{"self":[{"href":"https:\/\/darknoisemagazine.cl\/index.php\/wp-json\/wp\/v2\/pages\/2851","targetHints":{"allow":["GET"]}}],"collection":[{"href":"https:\/\/darknoisemagazine.cl\/index.php\/wp-json\/wp\/v2\/pages"}],"about":[{"href":"https:\/\/darknoisemagazine.cl\/index.php\/wp-json\/wp\/v2\/types\/page"}],"author":[{"embeddable":true,"href":"https:\/\/darknoisemagazine.cl\/index.php\/wp-json\/wp\/v2\/users\/1"}],"replies":[{"embeddable":true,"href":"https:\/\/darknoisemagazine.cl\/index.php\/wp-json\/wp\/v2\/comments?post=2851"}],"version-history":[{"count":7,"href":"https:\/\/darknoisemagazine.cl\/index.php\/wp-json\/wp\/v2\/pages\/2851\/revisions"}],"predecessor-version":[{"id":3091,"href":"https:\/\/darknoisemagazine.cl\/index.php\/wp-json\/wp\/v2\/pages\/2851\/revisions\/3091"}],"wp:attachment":[{"href":"https:\/\/darknoisemagazine.cl\/index.php\/wp-json\/wp\/v2\/media?parent=2851"}],"curies":[{"name":"wp","href":"https:\/\/api.w.org\/{rel}","templated":true}]}}